{"id":553,"date":"2022-06-03T12:58:07","date_gmt":"2022-06-03T10:58:07","guid":{"rendered":"http:\/\/planb.bbk-cloud.de\/?page_id=553"},"modified":"2024-05-07T14:20:56","modified_gmt":"2024-05-07T12:20:56","slug":"weiterbildung-logistik","status":"publish","type":"page","link":"https:\/\/www.plan-b-bildung.de\/ar\/weiterbildung\/weiterbildung-logistik\/","title":{"rendered":"\u0627\u0644\u062a\u062f\u0631\u064a\u0628 \u0627\u0644\u0644\u0648\u062c\u0633\u062a\u064a"},"content":{"rendered":"<div data-elementor-type=\"wp-page\" data-elementor-id=\"553\" class=\"elementor elementor-553\" data-elementor-post-type=\"page\">\n\t\t\t\t\t\t<section class=\"elementor-section elementor-top-section elementor-element elementor-element-518c2d1d elementor-section-full_width elementor-section-height-min-height elementor-section-items-stretch elementor-section-height-default\" data-id=\"518c2d1d\" data-element_type=\"section\" data-e-type=\"section\">\n\t\t\t\t\t\t<div class=\"elementor-container elementor-column-gap-no\">\n\t\t\t\t\t<div class=\"elementor-column elementor-col-66 elementor-top-column elementor-element elementor-element-4bb643cc animated-slow elementor-invisible\" data-id=\"4bb643cc\" data-element_type=\"column\" data-e-type=\"column\" data-settings=\"{&quot;background_background&quot;:&quot;classic&quot;,&quot;animation&quot;:&quot;fadeIn&quot;}\">\n\t\t\t<div class=\"elementor-widget-wrap elementor-element-populated\">\n\t\t\t\t\t\t<div class=\"elementor-element elementor-element-7044ddcd elementor-widget elementor-widget-spacer\" data-id=\"7044ddcd\" data-element_type=\"widget\" data-e-type=\"widget\" data-widget_type=\"spacer.default\">\n\t\t\t\t\t\t\t<div class=\"elementor-spacer\">\n\t\t\t<div class=\"elementor-spacer-inner\"><\/div>\n\t\t<\/div>\n\t\t\t\t\t\t<\/div>\n\t\t\t\t\t<\/div>\n\t\t<\/div>\n\t\t\t\t<div class=\"elementor-column elementor-col-33 elementor-top-column elementor-element elementor-element-20585432\" data-id=\"20585432\" data-element_type=\"column\" data-e-type=\"column\">\n\t\t\t<div class=\"elementor-widget-wrap elementor-element-populated\">\n\t\t\t\t\t\t<div class=\"elementor-element elementor-element-2a2b2646 animated-slow elementor-invisible elementor-widget elementor-widget-heading\" data-id=\"2a2b2646\" data-element_type=\"widget\" data-e-type=\"widget\" data-settings=\"{&quot;_animation&quot;:&quot;fadeInRight&quot;}\" data-widget_type=\"heading.default\">\n\t\t\t\t\t<h1 class=\"elementor-heading-title elementor-size-default\">\u0627\u0644\u062a\u062f\u0631\u064a\u0628 \u0627\u0644\u0644\u0648\u062c\u0633\u062a\u064a<\/h1>\t\t\t\t<\/div>\n\t\t\t\t\t<\/div>\n\t\t<\/div>\n\t\t\t\t\t<\/div>\n\t\t<\/section>\n\t\t\t\t<section class=\"elementor-section elementor-top-section elementor-element elementor-element-5f99b376 elementor-section-boxed elementor-section-height-default elementor-section-height-default\" data-id=\"5f99b376\" data-element_type=\"section\" data-e-type=\"section\" data-settings=\"{&quot;background_background&quot;:&quot;classic&quot;}\">\n\t\t\t\t\t\t<div class=\"elementor-container elementor-column-gap-default\">\n\t\t\t\t\t<div class=\"elementor-column elementor-col-100 elementor-top-column elementor-element elementor-element-40076cf0\" data-id=\"40076cf0\" data-element_type=\"column\" data-e-type=\"column\">\n\t\t\t<div class=\"elementor-widget-wrap elementor-element-populated\">\n\t\t\t\t\t\t<div class=\"elementor-element elementor-element-7e55efd8 elementor-widget elementor-widget-heading\" data-id=\"7e55efd8\" data-element_type=\"widget\" data-e-type=\"widget\" data-widget_type=\"heading.default\">\n\t\t\t\t\t<h2 class=\"elementor-heading-title elementor-size-default\">\u0645\u062a\u0627\u062d \u0639\u0644\u0649 \u0627\u0644\u0641\u0648\u0631<\/h2>\t\t\t\t<\/div>\n\t\t\t\t<section class=\"elementor-section elementor-inner-section elementor-element elementor-element-4db2dc3e elementor-section-boxed elementor-section-height-default elementor-section-height-default\" data-id=\"4db2dc3e\" data-element_type=\"section\" data-e-type=\"section\">\n\t\t\t\t\t\t<div class=\"elementor-container elementor-column-gap-default\">\n\t\t\t\t\t<div class=\"elementor-column elementor-col-33 elementor-inner-column elementor-element elementor-element-67fee110\" data-id=\"67fee110\" data-element_type=\"column\" data-e-type=\"column\">\n\t\t\t<div class=\"elementor-widget-wrap elementor-element-populated\">\n\t\t\t\t\t\t<div class=\"elementor-element elementor-element-456d068d elementor-view-default elementor-position-block-start elementor-mobile-position-block-start elementor-widget elementor-widget-icon-box\" data-id=\"456d068d\" data-element_type=\"widget\" data-e-type=\"widget\" data-widget_type=\"icon-box.default\">\n\t\t\t\t\t\t\t<div class=\"elementor-icon-box-wrapper\">\n\n\t\t\t\t\t\t<div class=\"elementor-icon-box-icon\">\n\t\t\t\t<span  class=\"elementor-icon\">\n\t\t\t\t<svg aria-hidden=\"true\" class=\"e-font-icon-svg e-fas-laptop\" viewbox=\"0 0 640 512\" xmlns=\"http:\/\/www.w3.org\/2000\/svg\"><path d=\"M624 416H381.54c-.74 19.81-14.71 32-32.74 32H288c-18.69 0-33.02-17.47-32.77-32H16c-8.8 0-16 7.2-16 16v16c0 35.2 28.8 64 64 64h512c35.2 0 64-28.8 64-64v-16c0-8.8-7.2-16-16-16zM576 48c0-26.4-21.6-48-48-48H112C85.6 0 64 21.6 64 48v336h512V48zm-64 272H128V64h384v256z\"><\/path><\/svg>\t\t\t\t<\/span>\n\t\t\t<\/div>\n\t\t\t\n\t\t\t\t\t\t<div class=\"elementor-icon-box-content\">\n\n\t\t\t\t\t\t\t\t\t<h3 class=\"elementor-icon-box-title\">\n\t\t\t\t\t\t<span  >\n\t\t\t\t\t\t\t\u0627\u0644\u062f\u0631\u0648\u0633 \u0627\u0644\u0645\u062e\u062a\u0644\u0637\u0629\t\t\t\t\t\t<\/span>\n\t\t\t\t\t<\/h3>\n\t\t\t\t\n\t\t\t\t\t\t\t\t\t<p class=\"elementor-icon-box-description\">\n\t\t\t\t\t\t\u0645\u0632\u064a\u062c \u0645\u0631\u0646 \u0645\u0646 \u0645\u0631\u062d\u0644\u062a\u064a \u0627\u0644\u0645\u0642\u0627\u0628\u0644\u0627\u062a \u0627\u0644\u0645\u0628\u0627\u0634\u0631\u0629 \u0648\u062c\u0647\u0627\u064b \u0644\u0648\u062c\u0647 \u0648\u0639\u0628\u0631 \u0627\u0644\u0625\u0646\u062a\u0631\u0646\u062a\t\t\t\t\t<\/p>\n\t\t\t\t\n\t\t\t<\/div>\n\t\t\t\n\t\t<\/div>\n\t\t\t\t\t\t<\/div>\n\t\t\t\t\t<\/div>\n\t\t<\/div>\n\t\t\t\t<div class=\"elementor-column elementor-col-33 elementor-inner-column elementor-element elementor-element-195d7578\" data-id=\"195d7578\" data-element_type=\"column\" data-e-type=\"column\">\n\t\t\t<div class=\"elementor-widget-wrap elementor-element-populated\">\n\t\t\t\t\t\t<div class=\"elementor-element elementor-element-1385d33 elementor-view-default elementor-position-block-start elementor-mobile-position-block-start elementor-widget elementor-widget-icon-box\" data-id=\"1385d33\" data-element_type=\"widget\" data-e-type=\"widget\" data-widget_type=\"icon-box.default\">\n\t\t\t\t\t\t\t<div class=\"elementor-icon-box-wrapper\">\n\n\t\t\t\t\t\t<div class=\"elementor-icon-box-icon\">\n\t\t\t\t<span  class=\"elementor-icon\">\n\t\t\t\t<svg aria-hidden=\"true\" class=\"e-font-icon-svg e-far-comments\" viewbox=\"0 0 576 512\" xmlns=\"http:\/\/www.w3.org\/2000\/svg\"><path d=\"M532 386.2c27.5-27.1 44-61.1 44-98.2 0-80-76.5-146.1-176.2-157.9C368.3 72.5 294.3 32 208 32 93.1 32 0 103.6 0 192c0 37 16.5 71 44 98.2-15.3 30.7-37.3 54.5-37.7 54.9-6.3 6.7-8.1 16.5-4.4 25 3.6 8.5 12 14 21.2 14 53.5 0 96.7-20.2 125.2-38.8 9.2 2.1 18.7 3.7 28.4 4.9C208.1 407.6 281.8 448 368 448c20.8 0 40.8-2.4 59.8-6.8C456.3 459.7 499.4 480 553 480c9.2 0 17.5-5.5 21.2-14 3.6-8.5 1.9-18.3-4.4-25-.4-.3-22.5-24.1-37.8-54.8zm-392.8-92.3L122.1 305c-14.1 9.1-28.5 16.3-43.1 21.4 2.7-4.7 5.4-9.7 8-14.8l15.5-31.1L77.7 256C64.2 242.6 48 220.7 48 192c0-60.7 73.3-112 160-112s160 51.3 160 112-73.3 112-160 112c-16.5 0-33-1.9-49-5.6l-19.8-4.5zM498.3 352l-24.7 24.4 15.5 31.1c2.6 5.1 5.3 10.1 8 14.8-14.6-5.1-29-12.3-43.1-21.4l-17.1-11.1-19.9 4.6c-16 3.7-32.5 5.6-49 5.6-54 0-102.2-20.1-131.3-49.7C338 339.5 416 272.9 416 192c0-3.4-.4-6.7-.7-10C479.7 196.5 528 238.8 528 288c0 28.7-16.2 50.6-29.7 64z\"><\/path><\/svg>\t\t\t\t<\/span>\n\t\t\t<\/div>\n\t\t\t\n\t\t\t\t\t\t<div class=\"elementor-icon-box-content\">\n\n\t\t\t\t\t\t\t\t\t<h3 class=\"elementor-icon-box-title\">\n\t\t\t\t\t\t<span  >\n\t\t\t\t\t\t\t\u062f\u0639\u0645 \u0627\u0644\u0644\u063a\u0629\t\t\t\t\t\t<\/span>\n\t\t\t\t\t<\/h3>\n\t\t\t\t\n\t\t\t\t\t\t\t\t\t<p class=\"elementor-icon-box-description\">\n\t\t\t\t\t\t\u0627\u0644\u062f\u0639\u0645 \u0627\u0644\u0644\u063a\u0648\u064a \u0627\u0644\u0645\u062a\u0639\u0644\u0642 \u0628\u0627\u0644\u0648\u0638\u064a\u0641\u0629\t\t\t\t\t<\/p>\n\t\t\t\t\n\t\t\t<\/div>\n\t\t\t\n\t\t<\/div>\n\t\t\t\t\t\t<\/div>\n\t\t\t\t\t<\/div>\n\t\t<\/div>\n\t\t\t\t<div class=\"elementor-column elementor-col-33 elementor-inner-column elementor-element elementor-element-235e1a14\" data-id=\"235e1a14\" data-element_type=\"column\" data-e-type=\"column\">\n\t\t\t<div class=\"elementor-widget-wrap elementor-element-populated\">\n\t\t\t\t\t\t<div class=\"elementor-element elementor-element-50553845 elementor-view-default elementor-position-block-start elementor-mobile-position-block-start elementor-widget elementor-widget-icon-box\" data-id=\"50553845\" data-element_type=\"widget\" data-e-type=\"widget\" data-widget_type=\"icon-box.default\">\n\t\t\t\t\t\t\t<div class=\"elementor-icon-box-wrapper\">\n\n\t\t\t\t\t\t<div class=\"elementor-icon-box-icon\">\n\t\t\t\t<span  class=\"elementor-icon\">\n\t\t\t\t<svg aria-hidden=\"true\" class=\"e-font-icon-svg e-fas-car\" viewbox=\"0 0 512 512\" xmlns=\"http:\/\/www.w3.org\/2000\/svg\"><path d=\"M499.99 176h-59.87l-16.64-41.6C406.38 91.63 365.57 64 319.5 64h-127c-46.06 0-86.88 27.63-103.99 70.4L71.87 176H12.01C4.2 176-1.53 183.34.37 190.91l6 24C7.7 220.25 12.5 224 18.01 224h20.07C24.65 235.73 16 252.78 16 272v48c0 16.12 6.16 30.67 16 41.93V416c0 17.67 14.33 32 32 32h32c17.67 0 32-14.33 32-32v-32h256v32c0 17.67 14.33 32 32 32h32c17.67 0 32-14.33 32-32v-54.07c9.84-11.25 16-25.8 16-41.93v-48c0-19.22-8.65-36.27-22.07-48H494c5.51 0 10.31-3.75 11.64-9.09l6-24c1.89-7.57-3.84-14.91-11.65-14.91zm-352.06-17.83c7.29-18.22 24.94-30.17 44.57-30.17h127c19.63 0 37.28 11.95 44.57 30.17L384 208H128l19.93-49.83zM96 319.8c-19.2 0-32-12.76-32-31.9S76.8 256 96 256s48 28.71 48 47.85-28.8 15.95-48 15.95zm320 0c-19.2 0-48 3.19-48-15.95S396.8 256 416 256s32 12.76 32 31.9-12.8 31.9-32 31.9z\"><\/path><\/svg>\t\t\t\t<\/span>\n\t\t\t<\/div>\n\t\t\t\n\t\t\t\t\t\t<div class=\"elementor-icon-box-content\">\n\n\t\t\t\t\t\t\t\t\t<h3 class=\"elementor-icon-box-title\">\n\t\t\t\t\t\t<span  >\n\t\t\t\t\t\t\t\u0643\u0641\u0627\u0644\u0629 \u0631\u062e\u0635\u0629 \u0627\u0644\u0642\u064a\u0627\u062f\u0629\t\t\t\t\t\t<\/span>\n\t\t\t\t\t<\/h3>\n\t\t\t\t\n\t\t\t\t\t\t\t\t\t<p class=\"elementor-icon-box-description\">\n\t\t\t\t\t\t\u0631\u062e\u0635\u0629 \u0642\u064a\u0627\u062f\u0629 \u0645\u0646 \u0627\u0644\u0641\u0626\u0629 \u0628\t\t\t\t\t<\/p>\n\t\t\t\t\n\t\t\t<\/div>\n\t\t\t\n\t\t<\/div>\n\t\t\t\t\t\t<\/div>\n\t\t\t\t\t<\/div>\n\t\t<\/div>\n\t\t\t\t\t<\/div>\n\t\t<\/section>\n\t\t\t\t\t<\/div>\n\t\t<\/div>\n\t\t\t\t\t<\/div>\n\t\t<\/section>\n\t\t\t\t<section class=\"elementor-section elementor-top-section elementor-element elementor-element-1193e685 elementor-section-boxed elementor-section-height-default elementor-section-height-default\" data-id=\"1193e685\" data-element_type=\"section\" data-e-type=\"section\" data-settings=\"{&quot;shape_divider_top&quot;:&quot;triangle-asymmetrical&quot;}\">\n\t\t\t\t\t<div class=\"elementor-shape elementor-shape-top\" aria-hidden=\"true\" data-negative=\"false\">\n\t\t\t<svg xmlns=\"http:\/\/www.w3.org\/2000\/svg\" viewbox=\"0 0 1000 100\" preserveaspectratio=\"none\">\n\t<path class=\"elementor-shape-fill\" d=\"M738,99l262-93V0H0v5.6L738,99z\"\/>\n<\/svg>\t\t<\/div>\n\t\t\t\t\t<div class=\"elementor-container elementor-column-gap-default\">\n\t\t\t\t\t<div class=\"elementor-column elementor-col-100 elementor-top-column elementor-element elementor-element-60ef5446\" data-id=\"60ef5446\" data-element_type=\"column\" data-e-type=\"column\">\n\t\t\t<div class=\"elementor-widget-wrap\">\n\t\t\t\t\t\t\t<\/div>\n\t\t<\/div>\n\t\t\t\t\t<\/div>\n\t\t<\/section>\n\t\t\t\t<section class=\"elementor-section elementor-top-section elementor-element elementor-element-63e1920f elementor-section-boxed elementor-section-height-default elementor-section-height-default\" data-id=\"63e1920f\" data-element_type=\"section\" data-e-type=\"section\">\n\t\t\t\t\t\t<div class=\"elementor-container elementor-column-gap-default\">\n\t\t\t\t\t<div class=\"elementor-column elementor-col-100 elementor-top-column elementor-element elementor-element-3cba824\" data-id=\"3cba824\" data-element_type=\"column\" data-e-type=\"column\">\n\t\t\t<div class=\"elementor-widget-wrap elementor-element-populated\">\n\t\t\t\t\t\t<section class=\"elementor-section elementor-inner-section elementor-element elementor-element-7ece1e79 elementor-section-boxed elementor-section-height-default elementor-section-height-default\" data-id=\"7ece1e79\" data-element_type=\"section\" data-e-type=\"section\">\n\t\t\t\t\t\t<div class=\"elementor-container elementor-column-gap-default\">\n\t\t\t\t\t<div class=\"elementor-column elementor-col-100 elementor-inner-column elementor-element elementor-element-4fe62484\" data-id=\"4fe62484\" data-element_type=\"column\" data-e-type=\"column\">\n\t\t\t<div class=\"elementor-widget-wrap elementor-element-populated\">\n\t\t\t\t\t\t<div class=\"elementor-element elementor-element-248e303 elementor-widget elementor-widget-text-editor\" data-id=\"248e303\" data-element_type=\"widget\" data-e-type=\"widget\" data-widget_type=\"text-editor.default\">\n\t\t\t\t\t\t\t\t\t\u0628\u0635\u0641\u062a\u0643 \u0623\u062e\u0635\u0627\u0626\u064a \u0645\u0633\u062a\u0648\u062f\u0639 (\u0645\/\u0648\/\u062f) \u0648\u0623\u062e\u0635\u0627\u0626\u064a \u0644\u0648\u062c\u0633\u062a\u064a\u0627\u062a \u0627\u0644\u0645\u0633\u062a\u0648\u062f\u0639\u0627\u062a (\u0645\/\u0648\/\u062f)\u060c \u0633\u062a\u0636\u0645\u0646 \u0633\u064a\u0631 \u0643\u0644 \u0634\u064a\u0621 \u0628\u0633\u0644\u0627\u0633\u0629 \u0641\u064a \u0627\u0644\u0645\u0633\u062a\u0648\u062f\u0639 - \u0628\u062f\u0621\u064b\u0627 \u0645\u0646 \u0627\u0644\u062a\u0633\u0644\u064a\u0645 \u0648\u0627\u0644\u062a\u062e\u0632\u064a\u0646 \u0648\u062d\u062a\u0649 \u0627\u0644\u0625\u0631\u0633\u0627\u0644. \u0628\u064a\u0646\u0645\u0627 \u064a\u0642\u0648\u0645 \u0623\u062e\u0635\u0627\u0626\u064a\u0648 \u0627\u0644\u0645\u0633\u062a\u0648\u062f\u0639\u0627\u062a (\u0645\/\u0648\/\u062f) \u0628\u0627\u0644\u0623\u0646\u0634\u0637\u0629 \u0627\u0644\u0639\u0645\u0644\u064a\u0629 \u0641\u064a \u0627\u0644\u0645\u0633\u062a\u0648\u062f\u0639 \u0628\u0634\u0643\u0644 \u0623\u0633\u0627\u0633\u064a\u060c \u0641\u0625\u0646 \u0623\u062e\u0635\u0627\u0626\u064a\u064a \u0644\u0648\u062c\u0633\u062a\u064a\u0627\u062a \u0627\u0644\u0645\u0633\u062a\u0648\u062f\u0639\u0627\u062a (\u0645\/\u0648\/\u062f) \u064a\u062a\u0648\u0644\u0648\u0646 \u0623\u064a\u0636\u064b\u0627 \u0627\u0644\u0645\u0647\u0627\u0645 \u0627\u0644\u062a\u062c\u0627\u0631\u064a\u0629 \u0648\u0627\u0644\u062a\u0646\u0638\u064a\u0645\u064a\u0629\u060c \u0645\u062b\u0644 \u062a\u062d\u0633\u064a\u0646 \u0627\u0644\u0639\u0645\u0644\u064a\u0627\u062a \u0641\u064a \u0627\u0644\u0645\u0633\u062a\u0648\u062f\u0639 \u0623\u0648 \u0637\u0644\u0628 \u0627\u0644\u0628\u0636\u0627\u0626\u0639. \u0641\u064a \u0628\u0631\u0646\u0627\u0645\u062c \u0625\u0639\u0627\u062f\u0629 \u0627\u0644\u062a\u062f\u0631\u064a\u0628 \u0627\u0644\u062e\u0627\u0635 \u0628\u0646\u0627\u060c \u0646\u0642\u0648\u0645 \u0628\u0625\u0639\u062f\u0627\u062f\u0643 \u0628\u0634\u0643\u0644 \u0634\u0627\u0645\u0644 \u0648\u0639\u0645\u0644\u064a \u0644\u0623\u0646\u0634\u0637\u062a\u0643 \u0627\u0644\u0645\u0633\u062a\u0642\u0628\u0644\u064a\u0629 \u0643\u0623\u062e\u0635\u0627\u0626\u064a \u0645\u0633\u062a\u0648\u062f\u0639 (\u0645\/\u0648\/\u062f) \u0623\u0648 \u0623\u062e\u0635\u0627\u0626\u064a \u0644\u0648\u062c\u0633\u062a\u064a\u0627\u062a \u0627\u0644\u0645\u0633\u062a\u0648\u062f\u0639\u0627\u062a (\u0645\/\u0648\/\u062f).\n\n\t\t\t\t\t\t\t\t<\/div>\n\t\t\t\t\t<\/div>\n\t\t<\/div>\n\t\t\t\t\t<\/div>\n\t\t<\/section>\n\t\t\t\t<section class=\"elementor-section elementor-inner-section elementor-element elementor-element-b80a435 elementor-section-boxed elementor-section-height-default elementor-section-height-default\" data-id=\"b80a435\" data-element_type=\"section\" data-e-type=\"section\">\n\t\t\t\t\t\t<div class=\"elementor-container elementor-column-gap-default\">\n\t\t\t\t\t<div class=\"elementor-column elementor-col-50 elementor-inner-column elementor-element elementor-element-5e2ee5c5\" data-id=\"5e2ee5c5\" data-element_type=\"column\" data-e-type=\"column\">\n\t\t\t<div class=\"elementor-widget-wrap elementor-element-populated\">\n\t\t\t\t\t\t<div class=\"elementor-element elementor-element-2b6468ba elementor-cta--skin-classic elementor-animated-content elementor-bg-transform elementor-bg-transform-zoom-in elementor-widget elementor-widget-call-to-action\" data-id=\"2b6468ba\" data-element_type=\"widget\" data-e-type=\"widget\" data-widget_type=\"call-to-action.default\">\n\t\t\t\t\t\t\t<div class=\"elementor-cta\">\n\t\t\t\t\t<div class=\"elementor-cta__bg-wrapper\">\n\t\t\t\t<div class=\"elementor-cta__bg elementor-bg lazyload\" style=\"background-image:inherit;\" role=\"img\" aria-label=\"\u0627\u0645\u0631\u0623\u0629\u060c \u0639\u0627\u0645\u0644\u0629 \u0645\u0633\u062a\u0648\u062f\u0639\u060c \u0639\u0627\u0645\u0644\u060c \u0645\u0639 \u0631\u0627\u0641\u0639\u0629 \u0634\u0648\u0643\u064a\u0629\" data-bg-image=\"url(https:\/\/www.plan-b-bildung.de\/wp-content\/uploads\/2022\/06\/Weiterbildung-Logistik-fachlagerist-600x.jpg)\"><\/div>\n\t\t\t\t<div class=\"elementor-cta__bg-overlay\"><\/div>\n\t\t\t<\/div>\n\t\t\t\t\t\t\t<div class=\"elementor-cta__content\">\n\t\t\t\t\n\t\t\t\t\t\t\t\t\t<h2 class=\"elementor-cta__title elementor-cta__content-item elementor-content-item\">\n\t\t\t\t\t\t\u0625\u0639\u0627\u062f\u0629 \u0627\u0644\u062a\u062f\u0631\u064a\u0628 \u0643\u0623\u062e\u0635\u0627\u0626\u064a \u0644\u0648\u062c\u0633\u062a\u064a\u0627\u062a \u0645\u0633\u062a\u0648\u062f\u0639\u0627\u062a (\u0645\/\u0641\/\u062f)\t\t\t\t\t<\/h2>\n\t\t\t\t\n\t\t\t\t\n\t\t\t\t\t\t\t\t\t<div class=\"elementor-cta__button-wrapper elementor-cta__content-item elementor-content-item\">\n\t\t\t\t\t<a class=\"elementor-cta__button elementor-button elementor-size-\" href=\"https:\/\/www.plan-b-bildung.de\/ar\/weiterbildung\/weiterbildung-logistik\/umschulung-zur-fachkraft-fuer-lagerlogistik\/\">\n\t\t\t\t\t\t\u0625\u0644\u0649 \u0627\u0644\u0645\u0644\u0641 \u0627\u0644\u0634\u062e\u0635\u064a\t\t\t\t\t<\/a>\n\t\t\t\t\t<\/div>\n\t\t\t\t\t\t\t<\/div>\n\t\t\t\t\t\t\t<div class=\"elementor-ribbon\">\n\t\t\t\t<div class=\"elementor-ribbon-inner\">\n\t\t\t\t\t\u0627\u0644\u0645\u062f\u0629: 24 \u0634\u0647\u0631\u064b\u0627\t\t\t\t<\/div>\n\t\t\t<\/div>\n\t\t\t\t<\/div>\n\t\t\t\t\t\t<\/div>\n\t\t\t\t\t<\/div>\n\t\t<\/div>\n\t\t\t\t<div class=\"elementor-column elementor-col-50 elementor-inner-column elementor-element elementor-element-67373a74\" data-id=\"67373a74\" data-element_type=\"column\" data-e-type=\"column\">\n\t\t\t<div class=\"elementor-widget-wrap elementor-element-populated\">\n\t\t\t\t\t\t<div class=\"elementor-element elementor-element-40f267cd elementor-cta--skin-classic elementor-animated-content elementor-bg-transform elementor-bg-transform-zoom-in elementor-widget elementor-widget-call-to-action\" data-id=\"40f267cd\" data-element_type=\"widget\" data-e-type=\"widget\" data-widget_type=\"call-to-action.default\">\n\t\t\t\t\t\t\t<div class=\"elementor-cta\">\n\t\t\t\t\t<div class=\"elementor-cta__bg-wrapper\">\n\t\t\t\t<div class=\"elementor-cta__bg elementor-bg lazyload\" style=\"background-image:inherit;\" role=\"img\" aria-label=\"\u0645\u0633\u062a\u0648\u062f\u0639\u060c \u0631\u062c\u0644\u060c \u0639\u0627\u0645\u0644\u060c \u0645\u0639 \u0631\u0627\u0641\u0639\u0629 \u0634\u0648\u0643\u064a\u0629\" data-bg-image=\"url(https:\/\/www.plan-b-bildung.de\/wp-content\/uploads\/2022\/05\/Weiterbildung-Logistik-fachkraft-lagerlogistik-600x.jpg)\"><\/div>\n\t\t\t\t<div class=\"elementor-cta__bg-overlay\"><\/div>\n\t\t\t<\/div>\n\t\t\t\t\t\t\t<div class=\"elementor-cta__content\">\n\t\t\t\t\n\t\t\t\t\t\t\t\t\t<h2 class=\"elementor-cta__title elementor-cta__content-item elementor-content-item\">\n\t\t\t\t\t\t\u0625\u0639\u0627\u062f\u0629 \u0627\u0644\u062a\u062f\u0631\u064a\u0628 \u0643\u0623\u062e\u0635\u0627\u0626\u064a \u0645\u0633\u062a\u0648\u062f\u0639 (\u0645\/\u0648\/\u062f)\t\t\t\t\t<\/h2>\n\t\t\t\t\n\t\t\t\t\n\t\t\t\t\t\t\t\t\t<div class=\"elementor-cta__button-wrapper elementor-cta__content-item elementor-content-item\">\n\t\t\t\t\t<a class=\"elementor-cta__button elementor-button elementor-size-\" href=\"https:\/\/www.plan-b-bildung.de\/ar\/weiterbildung\/weiterbildung-logistik\/umschulung-zum-fachlagerist-in-m-w-d\/\">\n\t\t\t\t\t\t\u0625\u0644\u0649 \u0627\u0644\u0645\u0644\u0641 \u0627\u0644\u0634\u062e\u0635\u064a\t\t\t\t\t<\/a>\n\t\t\t\t\t<\/div>\n\t\t\t\t\t\t\t<\/div>\n\t\t\t\t\t\t\t<div class=\"elementor-ribbon\">\n\t\t\t\t<div class=\"elementor-ribbon-inner\">\n\t\t\t\t\t\u0627\u0644\u0645\u062f\u0629: 16 \u0634\u0647\u0631\u064b\u0627\t\t\t\t<\/div>\n\t\t\t<\/div>\n\t\t\t\t<\/div>\n\t\t\t\t\t\t<\/div>\n\t\t\t\t\t<\/div>\n\t\t<\/div>\n\t\t\t\t\t<\/div>\n\t\t<\/section>\n\t\t\t\t<div class=\"elementor-element elementor-element-0da7ce5 elementor-widget elementor-widget-text-editor\" data-id=\"0da7ce5\" data-element_type=\"widget\" data-e-type=\"widget\" data-widget_type=\"text-editor.default\">\n\t\t\t\t\t\t\t\t\t<div class=\"av-special-heading av-special-heading-h2 blockquote modern-quote avia-builder-el-10 el_after_av_textblock el_before_av_textblock\">\n<h2 class=\"av-special-heading-tag\">\u062a\u062f\u0631\u064a\u0628 \u0625\u0636\u0627\u0641\u064a \u0641\u064a \u0645\u062c\u0627\u0644 \u0627\u0644\u062e\u062f\u0645\u0627\u062a \u0627\u0644\u0644\u0648\u062c\u0633\u062a\u064a\u0629 - \u0645\u062c\u0627\u0646\u0627\u064b \u0628\u0642\u0633\u064a\u0645\u0629 \u062a\u0639\u0644\u064a\u0645\u064a\u0629<\/h2>\n<\/div>\n<section class=\"av_textblock_section\">\n<div class=\"avia_textblock\">\n\n\u064a\u0633\u062a\u063a\u0631\u0642 \u0627\u0644\u062a\u062f\u0631\u064a\u0628 \u0643\u0623\u062e\u0635\u0627\u0626\u064a \u0645\u062e\u0627\u0632\u0646 (\u0645\/\u0641\/\u062f) 16 \u0634\u0647\u0631\u0627\u064b \u0648\u0627\u0644\u062a\u062f\u0631\u064a\u0628 \u0643\u0623\u062e\u0635\u0627\u0626\u064a \u0644\u0648\u062c\u0633\u062a\u064a\u0627\u062a \u0645\u062e\u0627\u0632\u0646 (\u0645\/\u0641\/\u062f) \u064a\u0633\u062a\u063a\u0631\u0642 24 \u0634\u0647\u0631\u0627\u064b.  \u0648\u064a\u0634\u0645\u0644 \u0627\u0644\u062a\u0639\u0644\u064a\u0645 \u0627\u0644\u0646\u0638\u0631\u064a \u0648\u0627\u0644\u0639\u0645\u0644\u064a \u0641\u064a \u0645\u0642\u0631\u0646\u0627 \u0627\u0644\u062e\u0627\u0635 \u0628\u0627\u0644\u0625\u0636\u0627\u0641\u0629 \u0625\u0644\u0649 \u0627\u0644\u062a\u062f\u0631\u064a\u0628 \u0627\u0644\u0639\u0645\u0644\u064a \u0641\u064a \u0645\u0646\u0634\u0623\u0629 \u0645\u0639 \u0641\u062a\u0631\u0629 \u062a\u062f\u0631\u064a\u0628 \u0625\u0636\u0627\u0641\u064a\u0629. \u062a\u062a\u0648\u0627\u0641\u0642 \u0627\u0644\u062f\u0648\u0631\u0629 \u0645\u0639 \u0625\u0631\u0634\u0627\u062f\u0627\u062a \u0627\u0644\u062f\u0648\u0644\u0629. \u0648\u0647\u0630\u0627 \u064a\u0639\u0646\u064a \u0623\u0646 \u0625\u0643\u0645\u0627\u0644 \u0647\u0630\u0647 \u0627\u0644\u062f\u0648\u0631\u0629 \u0627\u0644\u062a\u062f\u0631\u064a\u0628\u064a\u0629 \u0645\u0639\u062a\u0631\u0641 \u0628\u0647 \u0628\u0634\u0643\u0644 \u0639\u0627\u0645. \u0645\u0646 \u062e\u0644\u0627\u0644 \u0642\u0633\u064a\u0645\u0629 \u062a\u062f\u0631\u064a\u0628 \u0645\u0646 \u0648\u0643\u0627\u0644\u0629 \u0627\u0644\u062a\u0648\u0638\u064a\u0641 \u0627\u0644\u0627\u062a\u062d\u0627\u062f\u064a\u0629\u060c \u0644\u0627 \u064a\u062a\u0645 \u062f\u0639\u0645 \u0627\u0644\u0645\u0634\u0627\u0631\u0643\u0629 \u0641\u064a \u062f\u0648\u0631\u0629 \u0625\u0639\u0627\u062f\u0629 \u0627\u0644\u062a\u062f\u0631\u064a\u0628 \u0641\u062d\u0633\u0628\u060c \u0628\u0644 \u064a\u062a\u0645 \u062f\u0639\u0645 \u062a\u0643\u0627\u0644\u064a\u0641 \u0627\u0644\u0633\u0641\u0631 \u0648\u062a\u0643\u0627\u0644\u064a\u0641 \u0623\u064a \u0625\u0642\u0627\u0645\u0629 \u0648\u0648\u062c\u0628\u0627\u062a \u0637\u0639\u0627\u0645 \u062e\u0627\u0631\u062c \u0627\u0644\u0645\u0646\u0632\u0644.\n\n\u0625\u0630\u0627 \u0643\u0646\u062a \u0645\u0647\u062a\u0645\u064b\u0627 \u0628\u0627\u0644\u062d\u0635\u0648\u0644 \u0639\u0644\u0649 \u0645\u0632\u064a\u062f \u0645\u0646 \u0627\u0644\u062a\u062f\u0631\u064a\u0628 \u0643\u0645\u0631\u0627\u0641\u0642 \u062d\u064a\u0627\u0629\u060c \u064a\u0633\u0639\u062f\u0646\u0627 \u0645\u0633\u0627\u0639\u062f\u062a\u0643 \u0648\u062a\u0642\u062f\u064a\u0645 \u0627\u0644\u0645\u0634\u0648\u0631\u0629 \u0644\u0643 \u0641\u064a\u00a0<a href=\"mailto:info@plan-b-bildung.de\">info@plan-b-bildung.de<\/a>\u00a0\u0645\u062a\u0648\u0641\u0631\u0629.\n\n<\/div>\n<\/section>\t\t\t\t\t\t\t\t<\/div>\n\t\t\t\t\t<\/div>\n\t\t<\/div>\n\t\t\t\t\t<\/div>\n\t\t<\/section>\n\t\t\t\t<\/div>","protected":false},"excerpt":{"rendered":"<p>Weiterbildung Logistik Ab Sofort m\u00f6glich Hybrid-unterricht Flexible Kombination von Pr\u00e4senz- und Online-Phasen Sprach-f\u00f6rderung Berufsbezogene Sprachf\u00f6rderung F\u00fchrerschein-F\u00f6rderung F\u00fchrerschein der Klasse B Als Fachlagerist \/in (m\/w\/d) und die Fachkraft f\u00fcr Lagerlogistik (m\/w\/d) sorgen Sie f\u00fcr den reibungslosen Ablauf im Lager \u2013 von der Anlieferung \u00fcber die Einlagerung bis zum Versand. W\u00e4hrend die Fachlageristen \/-innen (m\/w\/d) vor allem [&hellip;]<\/p>\n","protected":false},"author":2,"featured_media":0,"parent":477,"menu_order":0,"comment_status":"closed","ping_status":"closed","template":"","meta":{"footnotes":""},"class_list":["post-553","page","type-page","status-publish","hentry"],"_links":{"self":[{"href":"https:\/\/www.plan-b-bildung.de\/ar\/wp-json\/wp\/v2\/pages\/553","targetHints":{"allow":["GET"]}}],"collection":[{"href":"https:\/\/www.plan-b-bildung.de\/ar\/wp-json\/wp\/v2\/pages"}],"about":[{"href":"https:\/\/www.plan-b-bildung.de\/ar\/wp-json\/wp\/v2\/types\/page"}],"author":[{"embeddable":true,"href":"https:\/\/www.plan-b-bildung.de\/ar\/wp-json\/wp\/v2\/users\/2"}],"replies":[{"embeddable":true,"href":"https:\/\/www.plan-b-bildung.de\/ar\/wp-json\/wp\/v2\/comments?post=553"}],"version-history":[{"count":19,"href":"https:\/\/www.plan-b-bildung.de\/ar\/wp-json\/wp\/v2\/pages\/553\/revisions"}],"predecessor-version":[{"id":2091,"href":"https:\/\/www.plan-b-bildung.de\/ar\/wp-json\/wp\/v2\/pages\/553\/revisions\/2091"}],"up":[{"embeddable":true,"href":"https:\/\/www.plan-b-bildung.de\/ar\/wp-json\/wp\/v2\/pages\/477"}],"wp:attachment":[{"href":"https:\/\/www.plan-b-bildung.de\/ar\/wp-json\/wp\/v2\/media?parent=553"}],"curies":[{"name":"\u062f\u0628\u0644\u064a\u0648 \u0628\u064a","href":"https:\/\/api.w.org\/{rel}","templated":true}]}}