{"id":402,"date":"2022-06-03T11:58:05","date_gmt":"2022-06-03T09:58:05","guid":{"rendered":"http:\/\/planb.bbk-cloud.de\/?page_id=402"},"modified":"2024-05-07T13:59:52","modified_gmt":"2024-05-07T11:59:52","slug":"fragen-antworten","status":"publish","type":"page","link":"http:\/\/www.plan-b-bildung.de\/ar\/fragen-antworten\/","title":{"rendered":"Fragen &#038; Antworten"},"content":{"rendered":"<div data-elementor-type=\"wp-page\" data-elementor-id=\"402\" class=\"elementor elementor-402\" data-elementor-post-type=\"page\">\n\t\t\t\t\t\t<section class=\"elementor-section elementor-top-section elementor-element elementor-element-402982a4 elementor-section-height-min-height elementor-section-full_width elementor-section-items-stretch elementor-section-content-middle elementor-section-height-default\" data-id=\"402982a4\" data-element_type=\"section\" data-e-type=\"section\" data-settings=\"{&quot;background_background&quot;:&quot;classic&quot;}\">\n\t\t\t\t\t\t<div class=\"elementor-container elementor-column-gap-default\">\n\t\t\t\t\t<div class=\"elementor-column elementor-col-50 elementor-top-column elementor-element elementor-element-625d2932\" data-id=\"625d2932\" data-element_type=\"column\" data-e-type=\"column\" data-settings=\"{&quot;background_background&quot;:&quot;classic&quot;}\">\n\t\t\t<div class=\"elementor-widget-wrap elementor-element-populated\">\n\t\t\t\t\t\t<div class=\"elementor-element elementor-element-6729a763 elementor-widget elementor-widget-heading\" data-id=\"6729a763\" data-element_type=\"widget\" data-e-type=\"widget\" data-widget_type=\"heading.default\">\n\t\t\t\t\t<h1 class=\"elementor-heading-title elementor-size-default\">\u0623\u0633\u0626\u0644\u0629 \u0648\u0623\u062c\u0648\u0628\u0629<\/h1>\t\t\t\t<\/div>\n\t\t\t\t\t<\/div>\n\t\t<\/div>\n\t\t\t\t<div class=\"elementor-column elementor-col-50 elementor-top-column elementor-element elementor-element-702e7022\" data-id=\"702e7022\" data-element_type=\"column\" data-e-type=\"column\" data-settings=\"{&quot;background_background&quot;:&quot;classic&quot;}\">\n\t\t\t<div class=\"elementor-widget-wrap\">\n\t\t\t\t\t\t\t<\/div>\n\t\t<\/div>\n\t\t\t\t\t<\/div>\n\t\t<\/section>\n\t\t\t\t<section class=\"elementor-section elementor-top-section elementor-element elementor-element-33fa0d28 elementor-section-content-middle elementor-section-boxed elementor-section-height-default elementor-section-height-default\" data-id=\"33fa0d28\" data-element_type=\"section\" data-e-type=\"section\">\n\t\t\t\t\t\t<div class=\"elementor-container elementor-column-gap-no\">\n\t\t\t\t\t<div class=\"elementor-column elementor-col-100 elementor-top-column elementor-element elementor-element-accb1f\" data-id=\"accb1f\" data-element_type=\"column\" data-e-type=\"column\">\n\t\t\t<div class=\"elementor-widget-wrap elementor-element-populated\">\n\t\t\t\t\t\t<div class=\"elementor-element elementor-element-70e70d97 elementor-widget elementor-widget-toggle\" data-id=\"70e70d97\" data-element_type=\"widget\" data-e-type=\"widget\" data-widget_type=\"toggle.default\">\n\t\t\t\t\t\t\t<div class=\"elementor-toggle\">\n\t\t\t\t\t\t\t<div class=\"elementor-toggle-item\">\n\t\t\t\t\t<div id=\"elementor-tab-title-1891\" class=\"elementor-tab-title\" data-tab=\"1\" role=\"button\" aria-controls=\"elementor-tab-content-1891\" aria-expanded=\"false\">\n\t\t\t\t\t\t\t\t\t\t\t\t<span class=\"elementor-toggle-icon elementor-toggle-icon-right\" aria-hidden=\"true\">\n\t\t\t\t\t\t\t\t\t\t\t\t\t\t\t<span class=\"elementor-toggle-icon-closed\"><svg class=\"e-font-icon-svg e-fas-caret-right\" viewbox=\"0 0 192 512\" xmlns=\"http:\/\/www.w3.org\/2000\/svg\"><path d=\"M0 384.662V127.338c0-17.818 21.543-26.741 34.142-14.142l128.662 128.662c7.81 7.81 7.81 20.474 0 28.284L34.142 398.804C21.543 411.404 0 402.48 0 384.662z\"><\/path><\/svg><\/span>\n\t\t\t\t\t\t\t\t<span class=\"elementor-toggle-icon-opened\"><svg class=\"elementor-toggle-icon-opened e-font-icon-svg e-fas-caret-up\" viewbox=\"0 0 320 512\" xmlns=\"http:\/\/www.w3.org\/2000\/svg\"><path d=\"M288.662 352H31.338c-17.818 0-26.741-21.543-14.142-34.142l128.662-128.662c7.81-7.81 20.474-7.81 28.284 0l128.662 128.662c12.6 12.599 3.676 34.142-14.142 34.142z\"><\/path><\/svg><\/span>\n\t\t\t\t\t\t\t\t\t\t\t\t\t<\/span>\n\t\t\t\t\t\t\t\t\t\t\t\t<a class=\"elementor-toggle-title\" tabindex=\"0\">\u0645\u0627 \u0647\u064a \u0642\u0633\u064a\u0645\u0629 \u0627\u0644\u062a\u0639\u0644\u064a\u0645 \/ \u0645\u0646 \u064a\u062f\u0641\u0639 \u0627\u0644\u062a\u0643\u0627\u0644\u064a\u0641\u061f \/ \u0645\u0627 \u0647\u064a \u0627\u0644\u062c\u0647\u0627\u062a \u0627\u0644\u062a\u064a \u062a\u062a\u062d\u0645\u0644 \u0627\u0644\u062a\u0643\u0627\u0644\u064a\u0641\u061f<\/a>\n\t\t\t\t\t<\/div>\n\n\t\t\t\t\t<div id=\"elementor-tab-content-1891\" class=\"elementor-tab-content elementor-clearfix\" data-tab=\"1\" role=\"region\" aria-labelledby=\"elementor-tab-title-1891\"><p>\u0642\u0633\u064a\u0645\u0629 \u0627\u0644\u062a\u0639\u0644\u064a\u0645 \u0647\u064a \u0642\u0633\u064a\u0645\u0629 \u062a\u063a\u0637\u064a \u0641\u064a\u0647\u0627 \u0648\u0643\u0627\u0644\u0629 \u0627\u0644\u062a\u0648\u0638\u064a\u0641 \u0648\u0645\u0631\u0643\u0632 \u0627\u0644\u062a\u0648\u0638\u064a\u0641 \u0648\u062a\u0623\u0645\u064a\u0646 \u0627\u0644\u0645\u0639\u0627\u0634\u0627\u062a \u0627\u0644\u062a\u0642\u0627\u0639\u062f\u064a\u0629 \u0627\u0644\u0623\u0644\u0645\u0627\u0646\u064a \u062a\u0643\u0627\u0644\u064a\u0641 \u0625\u0639\u0627\u062f\u0629 \u0627\u0644\u062a\u062f\u0631\u064a\u0628\/\u0627\u0644\u062a\u0623\u0647\u064a\u0644\/\u0627\u0644\u062a\u062f\u0631\u064a\u0628 \u0627\u0644\u0625\u0636\u0627\u0641\u064a \u0628\u0627\u0644\u0625\u0636\u0627\u0641\u0629 \u0625\u0644\u0649 \u062a\u0643\u0627\u0644\u064a\u0641 \u0627\u0644\u0633\u0641\u0631.<\/p><\/div>\n\t\t\t\t<\/div>\n\t\t\t\t\t\t\t<div class=\"elementor-toggle-item\">\n\t\t\t\t\t<div id=\"elementor-tab-title-1892\" class=\"elementor-tab-title\" data-tab=\"2\" role=\"button\" aria-controls=\"elementor-tab-content-1892\" aria-expanded=\"false\">\n\t\t\t\t\t\t\t\t\t\t\t\t<span class=\"elementor-toggle-icon elementor-toggle-icon-right\" aria-hidden=\"true\">\n\t\t\t\t\t\t\t\t\t\t\t\t\t\t\t<span class=\"elementor-toggle-icon-closed\"><svg class=\"e-font-icon-svg e-fas-caret-right\" viewbox=\"0 0 192 512\" xmlns=\"http:\/\/www.w3.org\/2000\/svg\"><path d=\"M0 384.662V127.338c0-17.818 21.543-26.741 34.142-14.142l128.662 128.662c7.81 7.81 7.81 20.474 0 28.284L34.142 398.804C21.543 411.404 0 402.48 0 384.662z\"><\/path><\/svg><\/span>\n\t\t\t\t\t\t\t\t<span class=\"elementor-toggle-icon-opened\"><svg class=\"elementor-toggle-icon-opened e-font-icon-svg e-fas-caret-up\" viewbox=\"0 0 320 512\" xmlns=\"http:\/\/www.w3.org\/2000\/svg\"><path d=\"M288.662 352H31.338c-17.818 0-26.741-21.543-14.142-34.142l128.662-128.662c7.81-7.81 20.474-7.81 28.284 0l128.662 128.662c12.6 12.599 3.676 34.142-14.142 34.142z\"><\/path><\/svg><\/span>\n\t\t\t\t\t\t\t\t\t\t\t\t\t<\/span>\n\t\t\t\t\t\t\t\t\t\t\t\t<a class=\"elementor-toggle-title\" tabindex=\"0\">\u0645\u0627 \u0647\u064a \u0623\u0648\u0642\u0627\u062a \u0627\u0644\u062f\u0631\u0648\u0633\u061f<\/a>\n\t\t\t\t\t<\/div>\n\n\t\t\t\t\t<div id=\"elementor-tab-content-1892\" class=\"elementor-tab-content elementor-clearfix\" data-tab=\"2\" role=\"region\" aria-labelledby=\"elementor-tab-title-1892\"><p>\u062a\u064f\u0639\u0642\u062f \u0627\u0644\u062f\u0631\u0648\u0633 \u0628\u062f\u0648\u0627\u0645 \u0643\u0627\u0645\u0644 \u0645\u0646 \u0627\u0644\u0633\u0627\u0639\u0629 08:00 \u0625\u0644\u0649 \u0627\u0644\u0633\u0627\u0639\u0629 15:30.<\/p><p>\u062a\u064f\u0639\u0642\u062f \u0627\u0644\u062f\u0631\u0648\u0633 \u0628\u062f\u0648\u0627\u0645 \u062c\u0632\u0626\u064a \u0645\u0646 \u0627\u0644\u0633\u0627\u0639\u0629 08:30 \u0625\u0644\u0649 \u0627\u0644\u0633\u0627\u0639\u0629 12:30 (\u0645\u062a\u0627\u062d \u062d\u0627\u0644\u064a\u064b\u0627 \u0641\u064a \u0627\u0644\u062a\u0645\u0631\u064a\u0636 \u0641\u0642\u0637)<\/p><\/div>\n\t\t\t\t<\/div>\n\t\t\t\t\t\t\t<div class=\"elementor-toggle-item\">\n\t\t\t\t\t<div id=\"elementor-tab-title-1893\" class=\"elementor-tab-title\" data-tab=\"3\" role=\"button\" aria-controls=\"elementor-tab-content-1893\" aria-expanded=\"false\">\n\t\t\t\t\t\t\t\t\t\t\t\t<span class=\"elementor-toggle-icon elementor-toggle-icon-right\" aria-hidden=\"true\">\n\t\t\t\t\t\t\t\t\t\t\t\t\t\t\t<span class=\"elementor-toggle-icon-closed\"><svg class=\"e-font-icon-svg e-fas-caret-right\" viewbox=\"0 0 192 512\" xmlns=\"http:\/\/www.w3.org\/2000\/svg\"><path d=\"M0 384.662V127.338c0-17.818 21.543-26.741 34.142-14.142l128.662 128.662c7.81 7.81 7.81 20.474 0 28.284L34.142 398.804C21.543 411.404 0 402.48 0 384.662z\"><\/path><\/svg><\/span>\n\t\t\t\t\t\t\t\t<span class=\"elementor-toggle-icon-opened\"><svg class=\"elementor-toggle-icon-opened e-font-icon-svg e-fas-caret-up\" viewbox=\"0 0 320 512\" xmlns=\"http:\/\/www.w3.org\/2000\/svg\"><path d=\"M288.662 352H31.338c-17.818 0-26.741-21.543-14.142-34.142l128.662-128.662c7.81-7.81 20.474-7.81 28.284 0l128.662 128.662c12.6 12.599 3.676 34.142-14.142 34.142z\"><\/path><\/svg><\/span>\n\t\t\t\t\t\t\t\t\t\t\t\t\t<\/span>\n\t\t\t\t\t\t\t\t\t\t\t\t<a class=\"elementor-toggle-title\" tabindex=\"0\">\u0647\u0644 \u0647\u0646\u0627\u0643 \u0639\u0637\u0644\u0629\u061f<\/a>\n\t\t\t\t\t<\/div>\n\n\t\t\t\t\t<div id=\"elementor-tab-content-1893\" class=\"elementor-tab-content elementor-clearfix\" data-tab=\"3\" role=\"region\" aria-labelledby=\"elementor-tab-title-1893\"><p>\u064a\u062d\u0642 \u0644\u0644\u0645\u0634\u0627\u0631\u0643\u064a\u0646 \u0641\u064a \u0625\u0639\u0627\u062f\u0629 \u0627\u0644\u062a\u062f\u0631\u064a\u0628 \u0644\u062f\u064a\u0646\u0627 \u0627\u0644\u062d\u0635\u0648\u0644 \u0639\u0644\u0649 \u0625\u062c\u0627\u0632\u0629 \u0642\u0627\u0646\u0648\u0646\u064a\u0629 \u0644\u0645\u062f\u0629 20 \u064a\u0648\u0645\u064b\u0627 \u0639\u0644\u0649 \u0627\u0644\u0623\u0642\u0644.<\/p><p>\u0641\u064a \u0628\u0631\u0627\u0645\u062c \u0627\u0644\u062a\u062f\u0631\u064a\u0628\/\u0627\u0644\u062a\u0623\u0647\u064a\u0644 \u0627\u0644\u0625\u0636\u0627\u0641\u064a\u0629 \u0627\u0644\u062a\u064a \u062a\u0633\u062a\u0645\u0631 \u0623\u0643\u062b\u0631 \u0645\u0646 6 \u0623\u0634\u0647\u0631\u060c \u0647\u0646\u0627\u0643 \u0623\u064a\u0636\u064b\u0627 \u0625\u062c\u0627\u0632\u0629 \u0642\u0627\u0646\u0648\u0646\u064a\u0629.<\/p><\/div>\n\t\t\t\t<\/div>\n\t\t\t\t\t\t\t<div class=\"elementor-toggle-item\">\n\t\t\t\t\t<div id=\"elementor-tab-title-1894\" class=\"elementor-tab-title\" data-tab=\"4\" role=\"button\" aria-controls=\"elementor-tab-content-1894\" aria-expanded=\"false\">\n\t\t\t\t\t\t\t\t\t\t\t\t<span class=\"elementor-toggle-icon elementor-toggle-icon-right\" aria-hidden=\"true\">\n\t\t\t\t\t\t\t\t\t\t\t\t\t\t\t<span class=\"elementor-toggle-icon-closed\"><svg class=\"e-font-icon-svg e-fas-caret-right\" viewbox=\"0 0 192 512\" xmlns=\"http:\/\/www.w3.org\/2000\/svg\"><path d=\"M0 384.662V127.338c0-17.818 21.543-26.741 34.142-14.142l128.662 128.662c7.81 7.81 7.81 20.474 0 28.284L34.142 398.804C21.543 411.404 0 402.48 0 384.662z\"><\/path><\/svg><\/span>\n\t\t\t\t\t\t\t\t<span class=\"elementor-toggle-icon-opened\"><svg class=\"elementor-toggle-icon-opened e-font-icon-svg e-fas-caret-up\" viewbox=\"0 0 320 512\" xmlns=\"http:\/\/www.w3.org\/2000\/svg\"><path d=\"M288.662 352H31.338c-17.818 0-26.741-21.543-14.142-34.142l128.662-128.662c7.81-7.81 20.474-7.81 28.284 0l128.662 128.662c12.6 12.599 3.676 34.142-14.142 34.142z\"><\/path><\/svg><\/span>\n\t\t\t\t\t\t\t\t\t\t\t\t\t<\/span>\n\t\t\t\t\t\t\t\t\t\t\t\t<a class=\"elementor-toggle-title\" tabindex=\"0\">\u0647\u0644 \u0647\u0646\u0627\u0643 \u0623\u064a \u0642\u0628\u0644 \u0627\u0644\u0648\u0644\u0627\u062f\u0629\u061f<\/a>\n\t\t\t\t\t<\/div>\n\n\t\t\t\t\t<div id=\"elementor-tab-content-1894\" class=\"elementor-tab-content elementor-clearfix\" data-tab=\"4\" role=\"region\" aria-labelledby=\"elementor-tab-title-1894\"><p>\u0646\u0639\u0645\u060c \u0646\u062d\u0646 \u0646\u0642\u062f\u0645 \u0630\u0644\u0643 \u0645\u062c\u0627\u0646\u0627\u064b.<\/p><\/div>\n\t\t\t\t<\/div>\n\t\t\t\t\t\t\t<div class=\"elementor-toggle-item\">\n\t\t\t\t\t<div id=\"elementor-tab-title-1895\" class=\"elementor-tab-title\" data-tab=\"5\" role=\"button\" aria-controls=\"elementor-tab-content-1895\" aria-expanded=\"false\">\n\t\t\t\t\t\t\t\t\t\t\t\t<span class=\"elementor-toggle-icon elementor-toggle-icon-right\" aria-hidden=\"true\">\n\t\t\t\t\t\t\t\t\t\t\t\t\t\t\t<span class=\"elementor-toggle-icon-closed\"><svg class=\"e-font-icon-svg e-fas-caret-right\" viewbox=\"0 0 192 512\" xmlns=\"http:\/\/www.w3.org\/2000\/svg\"><path d=\"M0 384.662V127.338c0-17.818 21.543-26.741 34.142-14.142l128.662 128.662c7.81 7.81 7.81 20.474 0 28.284L34.142 398.804C21.543 411.404 0 402.48 0 384.662z\"><\/path><\/svg><\/span>\n\t\t\t\t\t\t\t\t<span class=\"elementor-toggle-icon-opened\"><svg class=\"elementor-toggle-icon-opened e-font-icon-svg e-fas-caret-up\" viewbox=\"0 0 320 512\" xmlns=\"http:\/\/www.w3.org\/2000\/svg\"><path d=\"M288.662 352H31.338c-17.818 0-26.741-21.543-14.142-34.142l128.662-128.662c7.81-7.81 20.474-7.81 28.284 0l128.662 128.662c12.6 12.599 3.676 34.142-14.142 34.142z\"><\/path><\/svg><\/span>\n\t\t\t\t\t\t\t\t\t\t\t\t\t<\/span>\n\t\t\t\t\t\t\t\t\t\t\t\t<a class=\"elementor-toggle-title\" tabindex=\"0\">\u0643\u0645 \u0639\u062f\u062f \u0627\u0644\u0645\u0634\u0627\u0631\u0643\u064a\u0646 \u0641\u064a \u0627\u0644\u0641\u0635\u0644\u061f<\/a>\n\t\t\t\t\t<\/div>\n\n\t\t\t\t\t<div id=\"elementor-tab-content-1895\" class=\"elementor-tab-content elementor-clearfix\" data-tab=\"5\" role=\"region\" aria-labelledby=\"elementor-tab-title-1895\"><p>\u0639\u0627\u062f\u0629\u064b \u0645\u0627 \u064a\u0643\u0648\u0646 \u0647\u0646\u0627\u0643 15 \u0645\u0634\u0627\u0631\u0643\u0627\u064b \u0641\u064a \u0643\u0644 \u0641\u0635\u0644. \u0648\u063a\u0627\u0644\u0628\u0627\u064b \u0645\u0627 \u062a\u064f\u0639\u0642\u062f \u0627\u0644\u062f\u0631\u0648\u0633 \u0641\u064a \u0645\u062c\u0645\u0648\u0639\u0627\u062a \u0635\u063a\u064a\u0631\u0629.<\/p><\/div>\n\t\t\t\t<\/div>\n\t\t\t\t\t\t\t<div class=\"elementor-toggle-item\">\n\t\t\t\t\t<div id=\"elementor-tab-title-1896\" class=\"elementor-tab-title\" data-tab=\"6\" role=\"button\" aria-controls=\"elementor-tab-content-1896\" aria-expanded=\"false\">\n\t\t\t\t\t\t\t\t\t\t\t\t<span class=\"elementor-toggle-icon elementor-toggle-icon-right\" aria-hidden=\"true\">\n\t\t\t\t\t\t\t\t\t\t\t\t\t\t\t<span class=\"elementor-toggle-icon-closed\"><svg class=\"e-font-icon-svg e-fas-caret-right\" viewbox=\"0 0 192 512\" xmlns=\"http:\/\/www.w3.org\/2000\/svg\"><path d=\"M0 384.662V127.338c0-17.818 21.543-26.741 34.142-14.142l128.662 128.662c7.81 7.81 7.81 20.474 0 28.284L34.142 398.804C21.543 411.404 0 402.48 0 384.662z\"><\/path><\/svg><\/span>\n\t\t\t\t\t\t\t\t<span class=\"elementor-toggle-icon-opened\"><svg class=\"elementor-toggle-icon-opened e-font-icon-svg e-fas-caret-up\" viewbox=\"0 0 320 512\" xmlns=\"http:\/\/www.w3.org\/2000\/svg\"><path d=\"M288.662 352H31.338c-17.818 0-26.741-21.543-14.142-34.142l128.662-128.662c7.81-7.81 20.474-7.81 28.284 0l128.662 128.662c12.6 12.599 3.676 34.142-14.142 34.142z\"><\/path><\/svg><\/span>\n\t\t\t\t\t\t\t\t\t\t\t\t\t<\/span>\n\t\t\t\t\t\t\t\t\t\t\t\t<a class=\"elementor-toggle-title\" tabindex=\"0\">\u0647\u0644 \u064a\u062c\u0628 \u0623\u0646 \u0623\u0634\u062a\u0631\u064a \u0627\u0644\u0643\u062a\u0628 \u0628\u0646\u0641\u0633\u064a\u061f<\/a>\n\t\t\t\t\t<\/div>\n\n\t\t\t\t\t<div id=\"elementor-tab-content-1896\" class=\"elementor-tab-content elementor-clearfix\" data-tab=\"6\" role=\"region\" aria-labelledby=\"elementor-tab-title-1896\"><p>\u0644\u0627\u060c \u0646\u062d\u0646 \u0646\u0648\u0641\u0631 \u062c\u0645\u064a\u0639 \u0627\u0644\u0645\u0648\u0627\u062f \u0627\u0644\u062a\u0639\u0644\u064a\u0645\u064a\u0629.<\/p><\/div>\n\t\t\t\t<\/div>\n\t\t\t\t\t\t\t<div class=\"elementor-toggle-item\">\n\t\t\t\t\t<div id=\"elementor-tab-title-1897\" class=\"elementor-tab-title\" data-tab=\"7\" role=\"button\" aria-controls=\"elementor-tab-content-1897\" aria-expanded=\"false\">\n\t\t\t\t\t\t\t\t\t\t\t\t<span class=\"elementor-toggle-icon elementor-toggle-icon-right\" aria-hidden=\"true\">\n\t\t\t\t\t\t\t\t\t\t\t\t\t\t\t<span class=\"elementor-toggle-icon-closed\"><svg class=\"e-font-icon-svg e-fas-caret-right\" viewbox=\"0 0 192 512\" xmlns=\"http:\/\/www.w3.org\/2000\/svg\"><path d=\"M0 384.662V127.338c0-17.818 21.543-26.741 34.142-14.142l128.662 128.662c7.81 7.81 7.81 20.474 0 28.284L34.142 398.804C21.543 411.404 0 402.48 0 384.662z\"><\/path><\/svg><\/span>\n\t\t\t\t\t\t\t\t<span class=\"elementor-toggle-icon-opened\"><svg class=\"elementor-toggle-icon-opened e-font-icon-svg e-fas-caret-up\" viewbox=\"0 0 320 512\" xmlns=\"http:\/\/www.w3.org\/2000\/svg\"><path d=\"M288.662 352H31.338c-17.818 0-26.741-21.543-14.142-34.142l128.662-128.662c7.81-7.81 20.474-7.81 28.284 0l128.662 128.662c12.6 12.599 3.676 34.142-14.142 34.142z\"><\/path><\/svg><\/span>\n\t\t\t\t\t\t\t\t\t\t\t\t\t<\/span>\n\t\t\t\t\t\t\t\t\t\t\t\t<a class=\"elementor-toggle-title\" tabindex=\"0\">\u0647\u0644 \u0623\u0646\u062a \u0645\u0646\u0634\u0623\u0629 \u062e\u0627\u0644\u064a\u0629 \u0645\u0646 \u0627\u0644\u0639\u0648\u0627\u0626\u0642\u061f<\/a>\n\t\t\t\t\t<\/div>\n\n\t\t\t\t\t<div id=\"elementor-tab-content-1897\" class=\"elementor-tab-content elementor-clearfix\" data-tab=\"7\" role=\"region\" aria-labelledby=\"elementor-tab-title-1897\"><p>\u0646\u0639\u0645\u060c \u0625\u0646 \u0645\u0628\u0627\u0646\u064a\u0646\u0627 \u062e\u0627\u0644\u064a\u0629 \u0645\u0646 \u0627\u0644\u0639\u0648\u0627\u0626\u0642 \u0648\u064a\u0645\u0643\u0646 \u0627\u0644\u0648\u0635\u0648\u0644 \u0625\u0644\u0649 \u062c\u0645\u064a\u0639 \u0627\u0644\u0637\u0648\u0627\u0628\u0642 \u0628\u0633\u0647\u0648\u0644\u0629 \u0639\u0646 \u0637\u0631\u064a\u0642 \u0627\u0644\u0645\u0635\u0639\u062f. \u0643\u0645\u0627 \u064a\u0648\u062c\u062f \u0641\u064a \u0645\u062d\u0637\u0627\u062a \u0627\u0644\u0646\u0642\u0644 \u0627\u0644\u0639\u0627\u0645 \u0645\u0635\u0627\u0639\u062f \u0648\u0633\u0644\u0627\u0644\u0645 \u0645\u062a\u062d\u0631\u0643\u0629 \u0641\u064a \u0645\u062d\u0637\u0627\u062a \u0627\u0644\u0646\u0642\u0644 \u0627\u0644\u0639\u0627\u0645<\/p><\/div>\n\t\t\t\t<\/div>\n\t\t\t\t\t\t\t<div class=\"elementor-toggle-item\">\n\t\t\t\t\t<div id=\"elementor-tab-title-1898\" class=\"elementor-tab-title\" data-tab=\"8\" role=\"button\" aria-controls=\"elementor-tab-content-1898\" aria-expanded=\"false\">\n\t\t\t\t\t\t\t\t\t\t\t\t<span class=\"elementor-toggle-icon elementor-toggle-icon-right\" aria-hidden=\"true\">\n\t\t\t\t\t\t\t\t\t\t\t\t\t\t\t<span class=\"elementor-toggle-icon-closed\"><svg class=\"e-font-icon-svg e-fas-caret-right\" viewbox=\"0 0 192 512\" xmlns=\"http:\/\/www.w3.org\/2000\/svg\"><path d=\"M0 384.662V127.338c0-17.818 21.543-26.741 34.142-14.142l128.662 128.662c7.81 7.81 7.81 20.474 0 28.284L34.142 398.804C21.543 411.404 0 402.48 0 384.662z\"><\/path><\/svg><\/span>\n\t\t\t\t\t\t\t\t<span class=\"elementor-toggle-icon-opened\"><svg class=\"elementor-toggle-icon-opened e-font-icon-svg e-fas-caret-up\" viewbox=\"0 0 320 512\" xmlns=\"http:\/\/www.w3.org\/2000\/svg\"><path d=\"M288.662 352H31.338c-17.818 0-26.741-21.543-14.142-34.142l128.662-128.662c7.81-7.81 20.474-7.81 28.284 0l128.662 128.662c12.6 12.599 3.676 34.142-14.142 34.142z\"><\/path><\/svg><\/span>\n\t\t\t\t\t\t\t\t\t\t\t\t\t<\/span>\n\t\t\t\t\t\t\t\t\t\t\t\t<a class=\"elementor-toggle-title\" tabindex=\"0\">\u0643\u064a\u0641 \u064a\u0645\u0643\u0646\u0646\u064a \u0627\u0644\u0648\u0635\u0648\u0644 \u0625\u0644\u0649 \u0647\u0646\u0627\u0643 \u0628\u0627\u0644\u0645\u0648\u0627\u0635\u0644\u0627\u062a \u0627\u0644\u0639\u0627\u0645\u0629\u061f<\/a>\n\t\t\t\t\t<\/div>\n\n\t\t\t\t\t<div id=\"elementor-tab-content-1898\" class=\"elementor-tab-content elementor-clearfix\" data-tab=\"8\" role=\"region\" aria-labelledby=\"elementor-tab-title-1898\"><p>\u0645\u0648\u0642\u0639\u0646\u0627 \u0645\u0631\u0643\u0632\u064a \u0644\u0644\u063a\u0627\u064a\u0629 \u0648\u064a\u0633\u0647\u0644 \u0627\u0644\u0648\u0635\u0648\u0644 \u0625\u0644\u064a\u0647\u060c \u062e\u0627\u0635\u0629\u064b \u0639\u0646 \u0637\u0631\u064a\u0642 \u0648\u0633\u0627\u0626\u0644 \u0627\u0644\u0646\u0642\u0644 \u0627\u0644\u0639\u0627\u0645<\/p><p>\u062a\u0648\u0642\u0641 \u0648\u064a\u0646\u0633\u0628\u0631\u063a\u0634\u062a\u0631\u0627\/\u063a\u0648\u0631\u062a\u0644:<\/p><ul><li style=\"list-style-type: none;\"><ul><li>\u062e\u0637 \u0627\u0644\u0642\u0637\u0627\u0631 \u0627\u0644\u062e\u0641\u064a\u0641 13<\/li><li>\u062e\u0637\u0648\u0637 \u0627\u0644\u062d\u0627\u0641\u0644\u0627\u062a 141\u060c 142\u060c 143<\/li><\/ul><\/li><\/ul><p>\u0645\u062d\u0637\u0629 \u0645\u064a\u0644\u0627\u062a\u0646\u063a\u0648\u0631\u062a\u0644<\/p><ul><li style=\"list-style-type: none;\"><ul><li>\u062e\u0637 \u0627\u0644\u0642\u0637\u0627\u0631 \u0627\u0644\u062e\u0641\u064a\u0641 13<\/li><li>\u0645\u0633\u0627\u0631 \u0627\u0644\u062d\u0627\u0641\u0644\u0627\u062a: 140<\/li><\/ul><\/li><\/ul><p>\u0623\u0648\u0642\u0641 \u0623\u0648\u0633\u0643\u0627\u0631-\u062c\u0627\u063a\u0631-\u0634\u062a\u0631.:<\/p><ul><li style=\"list-style-type: none;\"><ul><li>\u0645\u0633\u0627\u0631 \u0627\u0644\u062d\u0627\u0641\u0644\u0627\u062a: 141\u060c 143<\/li><\/ul><\/li><\/ul><\/div>\n\t\t\t\t<\/div>\n\t\t\t\t\t\t\t\t<\/div>\n\t\t\t\t\t\t<\/div>\n\t\t\t\t\t<\/div>\n\t\t<\/div>\n\t\t\t\t\t<\/div>\n\t\t<\/section>\n\t\t\t\t<\/div>","protected":false},"excerpt":{"rendered":"<p>Fragen &#038; Antworten Was ist ein Bildungsgutschein? \/ Wer bezahlt die Kosten? \/ Was sind Kostentr\u00e4ger? Der Bildungsgutschein ist ein Gutschein, in dem die Agentur f\u00fcr Arbeit, Jobcenter und die Deutsche Rentenversicherung die Kosten f\u00fcr die Umschulungen\/Qualifizierung\/Weiterbildungen sowie auch die Fahrtkosten \u00fcbernimmt. Wie sind die Unterrichtszeiten? In Vollzeit findet der Unterricht von 08:00 bis 15:30 [&hellip;]<\/p>\n","protected":false},"author":1,"featured_media":0,"parent":0,"menu_order":0,"comment_status":"closed","ping_status":"closed","template":"","meta":{"footnotes":""},"class_list":["post-402","page","type-page","status-publish","hentry"],"_links":{"self":[{"href":"http:\/\/www.plan-b-bildung.de\/ar\/wp-json\/wp\/v2\/pages\/402","targetHints":{"allow":["GET"]}}],"collection":[{"href":"http:\/\/www.plan-b-bildung.de\/ar\/wp-json\/wp\/v2\/pages"}],"about":[{"href":"http:\/\/www.plan-b-bildung.de\/ar\/wp-json\/wp\/v2\/types\/page"}],"author":[{"embeddable":true,"href":"http:\/\/www.plan-b-bildung.de\/ar\/wp-json\/wp\/v2\/users\/1"}],"replies":[{"embeddable":true,"href":"http:\/\/www.plan-b-bildung.de\/ar\/wp-json\/wp\/v2\/comments?post=402"}],"version-history":[{"count":37,"href":"http:\/\/www.plan-b-bildung.de\/ar\/wp-json\/wp\/v2\/pages\/402\/revisions"}],"predecessor-version":[{"id":2050,"href":"http:\/\/www.plan-b-bildung.de\/ar\/wp-json\/wp\/v2\/pages\/402\/revisions\/2050"}],"wp:attachment":[{"href":"http:\/\/www.plan-b-bildung.de\/ar\/wp-json\/wp\/v2\/media?parent=402"}],"curies":[{"name":"\u062f\u0628\u0644\u064a\u0648 \u0628\u064a","href":"https:\/\/api.w.org\/{rel}","templated":true}]}}