{"id":2311,"date":"2025-03-06T08:44:37","date_gmt":"2025-03-06T07:44:37","guid":{"rendered":"https:\/\/www.plan-b-bildung.de\/?page_id=2311"},"modified":"2025-05-08T09:37:05","modified_gmt":"2025-05-08T07:37:05","slug":"blog","status":"publish","type":"page","link":"http:\/\/www.plan-b-bildung.de\/ar\/blog\/","title":{"rendered":"Blog"},"content":{"rendered":"<div data-elementor-type=\"wp-page\" data-elementor-id=\"2311\" class=\"elementor elementor-2311\" data-elementor-post-type=\"page\">\n\t\t\t\t\t\t<section class=\"elementor-section elementor-top-section elementor-element elementor-element-5fafda58 elementor-section-height-min-height elementor-section-full_width elementor-section-items-stretch elementor-section-content-middle elementor-section-height-default\" data-id=\"5fafda58\" data-element_type=\"section\" data-e-type=\"section\" data-settings=\"{&quot;background_background&quot;:&quot;classic&quot;}\">\n\t\t\t\t\t\t<div class=\"elementor-container elementor-column-gap-default\">\n\t\t\t\t\t<div class=\"elementor-column elementor-col-50 elementor-top-column elementor-element elementor-element-1f7d8af6\" data-id=\"1f7d8af6\" data-element_type=\"column\" data-e-type=\"column\" data-settings=\"{&quot;background_background&quot;:&quot;classic&quot;}\">\n\t\t\t<div class=\"elementor-widget-wrap elementor-element-populated\">\n\t\t\t\t\t\t<div class=\"elementor-element elementor-element-76f41bad elementor-widget elementor-widget-heading\" data-id=\"76f41bad\" data-element_type=\"widget\" data-e-type=\"widget\" data-widget_type=\"heading.default\">\n\t\t\t\t\t<h1 class=\"elementor-heading-title elementor-size-default\">\u0645\u062f\u0648\u0646\u0629 PlanB \u062a\u0630\u0647\u0628 \u0644\u0644\u0645\u062f\u0648\u0646\u0629!<\/h1>\t\t\t\t<\/div>\n\t\t\t\t<div class=\"elementor-element elementor-element-4ca4d2b elementor-widget elementor-widget-heading\" data-id=\"4ca4d2b\" data-element_type=\"widget\" data-e-type=\"widget\" data-widget_type=\"heading.default\">\n\t\t\t\t\t<h2 class=\"elementor-heading-title elementor-size-default\">\u0622\u062e\u0631 \u0627\u0644\u0623\u062e\u0628\u0627\u0631 \u0627\u0644\u0639\u0627\u062c\u0644\u0629 \u0645\u0628\u0627\u0634\u0631\u0629 \u0625\u0644\u064a\u0643!<\/h2>\t\t\t\t<\/div>\n\t\t\t\t\t<\/div>\n\t\t<\/div>\n\t\t\t\t<div class=\"elementor-column elementor-col-50 elementor-top-column elementor-element elementor-element-1f1c976d\" data-id=\"1f1c976d\" data-element_type=\"column\" data-e-type=\"column\" data-settings=\"{&quot;background_background&quot;:&quot;classic&quot;}\">\n\t\t\t<div class=\"elementor-widget-wrap\">\n\t\t\t\t\t\t\t<\/div>\n\t\t<\/div>\n\t\t\t\t\t<\/div>\n\t\t<\/section>\n\t\t\t\t<section class=\"elementor-section elementor-top-section elementor-element elementor-element-3aed22e elementor-section-boxed elementor-section-height-default elementor-section-height-default\" data-id=\"3aed22e\" data-element_type=\"section\" data-e-type=\"section\">\n\t\t\t\t\t\t<div class=\"elementor-container elementor-column-gap-default\">\n\t\t\t\t\t<div class=\"elementor-column elementor-col-100 elementor-top-column elementor-element elementor-element-9d41bdf\" data-id=\"9d41bdf\" data-element_type=\"column\" data-e-type=\"column\">\n\t\t\t<div class=\"elementor-widget-wrap elementor-element-populated\">\n\t\t\t\t\t\t<div class=\"elementor-element elementor-element-d9f347f elementor-grid-3 elementor-grid-tablet-2 elementor-grid-mobile-1 elementor-posts--thumbnail-top elementor-card-shadow-yes elementor-posts__hover-gradient elementor-widget elementor-widget-posts\" data-id=\"d9f347f\" data-element_type=\"widget\" data-e-type=\"widget\" data-settings=\"{&quot;cards_row_gap&quot;:{&quot;unit&quot;:&quot;px&quot;,&quot;size&quot;:30,&quot;sizes&quot;:[]},&quot;cards_columns&quot;:&quot;3&quot;,&quot;cards_columns_tablet&quot;:&quot;2&quot;,&quot;cards_columns_mobile&quot;:&quot;1&quot;,&quot;cards_row_gap_tablet&quot;:{&quot;unit&quot;:&quot;px&quot;,&quot;size&quot;:&quot;&quot;,&quot;sizes&quot;:[]},&quot;cards_row_gap_mobile&quot;:{&quot;unit&quot;:&quot;px&quot;,&quot;size&quot;:&quot;&quot;,&quot;sizes&quot;:[]}}\" data-widget_type=\"posts.cards\">\n\t\t\t\t<div class=\"elementor-widget-container\">\n\t\t\t\t\t\t\t<div class=\"elementor-posts-container elementor-posts elementor-posts--skin-cards elementor-grid\" role=\"list\">\n\t\t\t\t<article class=\"elementor-post elementor-grid-item post-2986 post type-post status-publish format-standard has-post-thumbnail hentry category-aktuelles\" role=\"listitem\">\n\t\t\t<div class=\"elementor-post__card\">\n\t\t\t\t<a class=\"elementor-post__thumbnail__link\" href=\"http:\/\/www.plan-b-bildung.de\/ar\/2026\/04\/23\/frauen-in-der-sicherheitsbranche-fortschritt-durch-initiative\/\" tabindex=\"-1\" ><div class=\"elementor-post__thumbnail\"><img fetchpriority=\"high\" decoding=\"async\" width=\"2304\" height=\"1728\" src=\"https:\/\/www.plan-b-bildung.de\/wp-content\/uploads\/2026\/04\/Sec.png\" class=\"attachment-full size-full wp-image-2988\" alt=\"\" srcset=\"https:\/\/www.plan-b-bildung.de\/wp-content\/uploads\/2026\/04\/Sec.png 2304w, https:\/\/www.plan-b-bildung.de\/wp-content\/uploads\/2026\/04\/Sec-300x225.png 300w, https:\/\/www.plan-b-bildung.de\/wp-content\/uploads\/2026\/04\/Sec-1024x768.png 1024w, https:\/\/www.plan-b-bildung.de\/wp-content\/uploads\/2026\/04\/Sec-768x576.png 768w, https:\/\/www.plan-b-bildung.de\/wp-content\/uploads\/2026\/04\/Sec-1536x1152.png 1536w, https:\/\/www.plan-b-bildung.de\/wp-content\/uploads\/2026\/04\/Sec-2048x1536.png 2048w, https:\/\/www.plan-b-bildung.de\/wp-content\/uploads\/2026\/04\/Sec-16x12.png 16w\" sizes=\"(max-width: 2304px) 100vw, 2304px\" \/><\/div><\/a>\n\t\t\t\t<div class=\"elementor-post__badge\">\u0622\u062e\u0631 \u0627\u0644\u0623\u062e\u0628\u0627\u0631<\/div>\n\t\t\t\t<div class=\"elementor-post__text\">\n\t\t\t\t<h3 class=\"elementor-post__title\">\n\t\t\t<a href=\"http:\/\/www.plan-b-bildung.de\/ar\/2026\/04\/23\/frauen-in-der-sicherheitsbranche-fortschritt-durch-initiative\/\" >\n\t\t\t\tFrauen in der Sicherheitsbranche \u2013 Fortschritt durch Initiative\t\t\t<\/a>\n\t\t<\/h3>\n\t\t\t\t<div class=\"elementor-post__excerpt\">\n\t\t\t<p>Einen Beruf in der Sicherheitsbranche aus\u00fcben ist f\u00fcr viele Menschen ein Traum. F\u00fcr manch einen wird dieser, dank zahlreicher M\u00f6glichkeiten und sozialer Konstrukte, schnell wahr.<\/p>\n\t\t<\/div>\n\t\t\n\t\t<a class=\"elementor-post__read-more\" href=\"http:\/\/www.plan-b-bildung.de\/ar\/2026\/04\/23\/frauen-in-der-sicherheitsbranche-fortschritt-durch-initiative\/\" aria-label=\"Read more about Frauen in der Sicherheitsbranche \u2013 Fortschritt durch Initiative\" tabindex=\"-1\" >\n\t\t\t\u0627\u0642\u0631\u0623 \u0627\u0644\u0645\u0632\u064a\u062f \"\t\t<\/a>\n\n\t\t\t\t<\/div>\n\t\t\t\t<div class=\"elementor-post__meta-data\">\n\t\t\t\t\t<span class=\"elementor-post-date\">\n\t\t\t23. \u0623\u0628\u0631\u064a\u0644 2026\t\t<\/span>\n\t\t\t\t<\/div>\n\t\t\t\t\t<\/div>\n\t\t<\/article>\n\t\t\t\t<article class=\"elementor-post elementor-grid-item post-2911 post type-post status-publish format-standard has-post-thumbnail hentry category-aktuelles\" role=\"listitem\">\n\t\t\t<div class=\"elementor-post__card\">\n\t\t\t\t<a class=\"elementor-post__thumbnail__link\" href=\"http:\/\/www.plan-b-bildung.de\/ar\/2025\/07\/21\/arbeitstitel-pflege-am-limit\/\" tabindex=\"-1\" ><div class=\"elementor-post__thumbnail\"><img decoding=\"async\" width=\"2560\" height=\"1707\" data-src=\"https:\/\/www.plan-b-bildung.de\/wp-content\/uploads\/2025\/07\/engel-scaled.jpg\" class=\"attachment-full size-full wp-image-2934 lazyload\" alt=\"\" data-srcset=\"https:\/\/www.plan-b-bildung.de\/wp-content\/uploads\/2025\/07\/engel-scaled.jpg 2560w, https:\/\/www.plan-b-bildung.de\/wp-content\/uploads\/2025\/07\/engel-300x200.jpg 300w, https:\/\/www.plan-b-bildung.de\/wp-content\/uploads\/2025\/07\/engel-1024x683.jpg 1024w, https:\/\/www.plan-b-bildung.de\/wp-content\/uploads\/2025\/07\/engel-768x512.jpg 768w, https:\/\/www.plan-b-bildung.de\/wp-content\/uploads\/2025\/07\/engel-1536x1024.jpg 1536w, https:\/\/www.plan-b-bildung.de\/wp-content\/uploads\/2025\/07\/engel-2048x1365.jpg 2048w\" data-sizes=\"(max-width: 2560px) 100vw, 2560px\" src=\"data:image\/svg+xml;base64,PHN2ZyB3aWR0aD0iMSIgaGVpZ2h0PSIxIiB4bWxucz0iaHR0cDovL3d3dy53My5vcmcvMjAwMC9zdmciPjwvc3ZnPg==\" style=\"--smush-placeholder-width: 2560px; --smush-placeholder-aspect-ratio: 2560\/1707;\" \/><\/div><\/a>\n\t\t\t\t<div class=\"elementor-post__badge\">\u0622\u062e\u0631 \u0627\u0644\u0623\u062e\u0628\u0627\u0631<\/div>\n\t\t\t\t<div class=\"elementor-post__text\">\n\t\t\t\t<h3 class=\"elementor-post__title\">\n\t\t\t<a href=\"http:\/\/www.plan-b-bildung.de\/ar\/2025\/07\/21\/arbeitstitel-pflege-am-limit\/\" >\n\t\t\t\t\u0627\u0644\u0645\u0644\u0627\u0626\u0643\u0629 \u0628\u062d\u0627\u062c\u0629 \u0644\u0644\u0645\u0633\u0627\u0639\u062f\u0629 \u0623\u064a\u0636\u0627\u064b!\t\t\t<\/a>\n\t\t<\/h3>\n\t\t\t\t<div class=\"elementor-post__excerpt\">\n\t\t\t<p>\u063a\u0627\u0644\u0628\u064b\u0627 \u0645\u0627 \u064a\u0634\u0639\u0631 \u0627\u0644\u0623\u0634\u062e\u0627\u0635 \u0627\u0644\u0630\u064a\u0646 \u064a\u0639\u0645\u0644\u0648\u0646 \u0641\u064a \u0642\u0637\u0627\u0639 \u0627\u0644\u0631\u0639\u0627\u064a\u0629 \u0628\u0623\u0646\u0647\u0645 \"\u0645\u062f\u0639\u0648\u0648\u0646\"...<\/p>\n\t\t<\/div>\n\t\t\n\t\t<a class=\"elementor-post__read-more\" href=\"http:\/\/www.plan-b-bildung.de\/ar\/2025\/07\/21\/arbeitstitel-pflege-am-limit\/\" aria-label=\"\u0642\u0631\u0627\u0621\u0629 \u0627\u0644\u0645\u0632\u064a\u062f \u0639\u0646 \u0627\u0644\u0645\u0644\u0627\u0626\u0643\u0629 \u0628\u062d\u0627\u062c\u0629 \u0644\u0644\u0645\u0633\u0627\u0639\u062f\u0629 \u0623\u064a\u0636\u064b\u0627!\" tabindex=\"-1\" >\n\t\t\t\u0627\u0642\u0631\u0623 \u0627\u0644\u0645\u0632\u064a\u062f \"\t\t<\/a>\n\n\t\t\t\t<\/div>\n\t\t\t\t<div class=\"elementor-post__meta-data\">\n\t\t\t\t\t<span class=\"elementor-post-date\">\n\t\t\t21. \u064a\u0648\u0644\u064a\u0648 2025\t\t<\/span>\n\t\t\t\t<\/div>\n\t\t\t\t\t<\/div>\n\t\t<\/article>\n\t\t\t\t<article class=\"elementor-post elementor-grid-item post-2852 post type-post status-publish format-standard has-post-thumbnail hentry category-aktuelles\" role=\"listitem\">\n\t\t\t<div class=\"elementor-post__card\">\n\t\t\t\t<a class=\"elementor-post__thumbnail__link\" href=\"http:\/\/www.plan-b-bildung.de\/ar\/2025\/06\/26\/veraenderung-beginnt-mit-bildung-deine-chance-auf-eine-erfolgreiche-zukunft\/\" tabindex=\"-1\" ><div class=\"elementor-post__thumbnail\"><img decoding=\"async\" width=\"500\" height=\"435\" data-src=\"https:\/\/www.plan-b-bildung.de\/wp-content\/uploads\/2025\/06\/Bild-Pakete-packen-scaled-1-e1750933767168.png\" class=\"attachment-full size-full wp-image-2887 lazyload\" alt=\"\" data-srcset=\"https:\/\/www.plan-b-bildung.de\/wp-content\/uploads\/2025\/06\/Bild-Pakete-packen-scaled-1-e1750933767168.png 500w, https:\/\/www.plan-b-bildung.de\/wp-content\/uploads\/2025\/06\/Bild-Pakete-packen-scaled-1-e1750933767168-300x261.png 300w\" data-sizes=\"(max-width: 500px) 100vw, 500px\" src=\"data:image\/svg+xml;base64,PHN2ZyB3aWR0aD0iMSIgaGVpZ2h0PSIxIiB4bWxucz0iaHR0cDovL3d3dy53My5vcmcvMjAwMC9zdmciPjwvc3ZnPg==\" style=\"--smush-placeholder-width: 500px; --smush-placeholder-aspect-ratio: 500\/435;\" \/><\/div><\/a>\n\t\t\t\t<div class=\"elementor-post__badge\">\u0622\u062e\u0631 \u0627\u0644\u0623\u062e\u0628\u0627\u0631<\/div>\n\t\t\t\t<div class=\"elementor-post__text\">\n\t\t\t\t<h3 class=\"elementor-post__title\">\n\t\t\t<a href=\"http:\/\/www.plan-b-bildung.de\/ar\/2025\/06\/26\/veraenderung-beginnt-mit-bildung-deine-chance-auf-eine-erfolgreiche-zukunft\/\" >\n\t\t\t\t\u062a\u0639\u0644\u064a\u0645 \u062c\u064a\u062f - \u0639\u0645\u0644 \u062c\u064a\u062f!\t\t\t<\/a>\n\t\t<\/h3>\n\t\t\t\t<div class=\"elementor-post__excerpt\">\n\t\t\t<p>\u0647\u0644 \u0633\u0626\u0645\u062a \u0645\u0646 \u0627\u0644\u0648\u0638\u0627\u0626\u0641 \u0630\u0627\u062a \u0627\u0644\u0623\u062c\u0648\u0631 \u0627\u0644\u0645\u062a\u062f\u0646\u064a\u0629 \u0627\u0644\u062a\u064a \u0644\u0627 \u062a\u0633\u062a\u0645\u062a\u0639 \u0628\u0647\u0627 \u0648\u0644\u0627 \u062a\u0648\u0641\u0631 \u0644\u0643 \u0623\u064a \u0622\u0641\u0627\u0642 \u0645\u0647\u0646\u064a\u0629\u061f \u0625\u0630\u0646 \u063a\u064a\u0651\u0631 \u062d\u064a\u0627\u062a\u0643 \u0648\u0627\u0628\u062f\u0623 \u0641\u064a \u0627\u0644\u0645\u0632\u064a\u062f \u0645\u0646 \u0627\u0644\u062a\u062f\u0631\u064a\u0628<\/p>\n\t\t<\/div>\n\t\t\n\t\t<a class=\"elementor-post__read-more\" href=\"http:\/\/www.plan-b-bildung.de\/ar\/2025\/06\/26\/veraenderung-beginnt-mit-bildung-deine-chance-auf-eine-erfolgreiche-zukunft\/\" aria-label=\"\u0642\u0631\u0627\u0621\u0629 \u0627\u0644\u0645\u0632\u064a\u062f \u0639\u0646 \u0627\u0644\u062a\u0639\u0644\u064a\u0645 \u0627\u0644\u062c\u064a\u062f - \u0639\u0645\u0644 \u062c\u064a\u062f!\" tabindex=\"-1\" >\n\t\t\t\u0627\u0642\u0631\u0623 \u0627\u0644\u0645\u0632\u064a\u062f \"\t\t<\/a>\n\n\t\t\t\t<\/div>\n\t\t\t\t<div class=\"elementor-post__meta-data\">\n\t\t\t\t\t<span class=\"elementor-post-date\">\n\t\t\t26. \u064a\u0648\u0646\u064a\u0648 2025\t\t<\/span>\n\t\t\t\t<\/div>\n\t\t\t\t\t<\/div>\n\t\t<\/article>\n\t\t\t\t<article class=\"elementor-post elementor-grid-item post-2786 post type-post status-publish format-standard has-post-thumbnail hentry category-aktuelles\" role=\"listitem\">\n\t\t\t<div class=\"elementor-post__card\">\n\t\t\t\t<a class=\"elementor-post__thumbnail__link\" href=\"http:\/\/www.plan-b-bildung.de\/ar\/2025\/05\/08\/mache-bei-uns-deine-ausbildung-und-verdiene-durch-zusatzqualifikationen-mehr-geld\/\" tabindex=\"-1\" ><div class=\"elementor-post__thumbnail\"><img decoding=\"async\" width=\"2560\" height=\"1707\" data-src=\"https:\/\/www.plan-b-bildung.de\/wp-content\/uploads\/2025\/05\/pexels-pixabay-60504-scaled.jpg\" class=\"attachment-full size-full wp-image-2806 lazyload\" alt=\"\" data-srcset=\"https:\/\/www.plan-b-bildung.de\/wp-content\/uploads\/2025\/05\/pexels-pixabay-60504-scaled.jpg 2560w, https:\/\/www.plan-b-bildung.de\/wp-content\/uploads\/2025\/05\/pexels-pixabay-60504-300x200.jpg 300w, https:\/\/www.plan-b-bildung.de\/wp-content\/uploads\/2025\/05\/pexels-pixabay-60504-1024x683.jpg 1024w, https:\/\/www.plan-b-bildung.de\/wp-content\/uploads\/2025\/05\/pexels-pixabay-60504-768x512.jpg 768w, https:\/\/www.plan-b-bildung.de\/wp-content\/uploads\/2025\/05\/pexels-pixabay-60504-1536x1024.jpg 1536w, https:\/\/www.plan-b-bildung.de\/wp-content\/uploads\/2025\/05\/pexels-pixabay-60504-2048x1365.jpg 2048w\" data-sizes=\"(max-width: 2560px) 100vw, 2560px\" src=\"data:image\/svg+xml;base64,PHN2ZyB3aWR0aD0iMSIgaGVpZ2h0PSIxIiB4bWxucz0iaHR0cDovL3d3dy53My5vcmcvMjAwMC9zdmciPjwvc3ZnPg==\" style=\"--smush-placeholder-width: 2560px; --smush-placeholder-aspect-ratio: 2560\/1707;\" \/><\/div><\/a>\n\t\t\t\t<div class=\"elementor-post__badge\">\u0622\u062e\u0631 \u0627\u0644\u0623\u062e\u0628\u0627\u0631<\/div>\n\t\t\t\t<div class=\"elementor-post__text\">\n\t\t\t\t<h3 class=\"elementor-post__title\">\n\t\t\t<a href=\"http:\/\/www.plan-b-bildung.de\/ar\/2025\/05\/08\/mache-bei-uns-deine-ausbildung-und-verdiene-durch-zusatzqualifikationen-mehr-geld\/\" >\n\t\t\t\t\u0645\u0646 \u0627\u0644\u062a\u062f\u0631\u064a\u0628 \u0625\u0644\u0649 \u062a\u062d\u0642\u064a\u0642 \u0623\u0639\u0644\u0649 \u0627\u0644\u0623\u0631\u0628\u0627\u062d - \u0647\u0643\u0630\u0627 \u062a\u0633\u064a\u0631 \u0627\u0644\u0623\u0645\u0648\u0631!\t\t\t<\/a>\n\t\t<\/h3>\n\t\t\t\t<div class=\"elementor-post__excerpt\">\n\t\t\t<p>\u0628\u0639\u062f \u0627\u0644\u062d\u0635\u0648\u0644 \u0639\u0644\u0649 \u0628\u0631\u0646\u0627\u0645\u062c \u062a\u062f\u0631\u064a\u0628\u064a \u0633\u0644\u064a\u0645 \u0645\u0639\u0646\u0627 \u0641\u064a \u0645\u062c\u0627\u0644 \u0627\u0644\u0623\u0645\u0646\u060c \u0633\u062a\u062a\u0627\u062d \u0644\u0643 \u0627\u0644\u0641\u0631\u0635\u0629 \u0644\u062a\u0639\u0645\u064a\u0642 \u0645\u0639\u0631\u0641\u062a\u0643 \u0627\u0644\u0645\u062a\u062e\u0635\u0635\u0629 \u0645\u0646 \u062e\u0644\u0627\u0644 \u0627\u0644\u0645\u0632\u064a\u062f \u0645\u0646 \u0627\u0644\u062a\u062f\u0631\u064a\u0628\u060c \u0645\u0645\u0627 \u0633\u064a\u0639\u0648\u062f \u0639\u0644\u064a\u0643 \u0628\u0627\u0644\u0646\u0641\u0639 \u0639\u0644\u0649 \u0627\u0644\u0635\u0639\u064a\u062f\u064a\u0646 \u0627\u0644\u0645\u0647\u0646\u064a \u0648\u0627\u0644\u0645\u0627\u0644\u064a.<\/p>\n\t\t<\/div>\n\t\t\n\t\t<a class=\"elementor-post__read-more\" href=\"http:\/\/www.plan-b-bildung.de\/ar\/2025\/05\/08\/mache-bei-uns-deine-ausbildung-und-verdiene-durch-zusatzqualifikationen-mehr-geld\/\" aria-label=\"\u0642\u0631\u0627\u0621\u0629 \u0627\u0644\u0645\u0632\u064a\u062f \u0639\u0646 \u0645\u0646 \u0627\u0644\u062a\u062f\u0631\u064a\u0628 \u0625\u0644\u0649 \u0623\u0639\u0644\u0649 \u0627\u0644\u0645\u0643\u0627\u0633\u0628 - \u0647\u0643\u0630\u0627 \u062a\u0633\u064a\u0631 \u0627\u0644\u0623\u0645\u0648\u0631!\" tabindex=\"-1\" >\n\t\t\t\u0627\u0642\u0631\u0623 \u0627\u0644\u0645\u0632\u064a\u062f \"\t\t<\/a>\n\n\t\t\t\t<\/div>\n\t\t\t\t<div class=\"elementor-post__meta-data\">\n\t\t\t\t\t<span class=\"elementor-post-date\">\n\t\t\t8. \u0645\u0627\u064a\u0648 2025\t\t<\/span>\n\t\t\t\t<\/div>\n\t\t\t\t\t<\/div>\n\t\t<\/article>\n\t\t\t\t<article class=\"elementor-post elementor-grid-item post-2712 post type-post status-publish format-standard has-post-thumbnail hentry category-aktuelles\" role=\"listitem\">\n\t\t\t<div class=\"elementor-post__card\">\n\t\t\t\t<a class=\"elementor-post__thumbnail__link\" href=\"http:\/\/www.plan-b-bildung.de\/ar\/2025\/04\/10\/warum-es-sich-lohnt-mutig-zu-sein\/\" tabindex=\"-1\" ><div class=\"elementor-post__thumbnail\"><img decoding=\"async\" width=\"1512\" height=\"693\" data-src=\"https:\/\/www.plan-b-bildung.de\/wp-content\/uploads\/2025\/03\/1-e1744273013358.png\" class=\"attachment-full size-full wp-image-2755 lazyload\" alt=\"\" data-srcset=\"https:\/\/www.plan-b-bildung.de\/wp-content\/uploads\/2025\/03\/1-e1744273013358.png 1512w, https:\/\/www.plan-b-bildung.de\/wp-content\/uploads\/2025\/03\/1-e1744273013358-300x138.png 300w, https:\/\/www.plan-b-bildung.de\/wp-content\/uploads\/2025\/03\/1-e1744273013358-768x352.png 768w, https:\/\/www.plan-b-bildung.de\/wp-content\/uploads\/2025\/03\/1-e1744273013358-1024x469.png 1024w\" data-sizes=\"(max-width: 1512px) 100vw, 1512px\" src=\"data:image\/svg+xml;base64,PHN2ZyB3aWR0aD0iMSIgaGVpZ2h0PSIxIiB4bWxucz0iaHR0cDovL3d3dy53My5vcmcvMjAwMC9zdmciPjwvc3ZnPg==\" style=\"--smush-placeholder-width: 1512px; --smush-placeholder-aspect-ratio: 1512\/693;\" \/><\/div><\/a>\n\t\t\t\t<div class=\"elementor-post__badge\">\u0622\u062e\u0631 \u0627\u0644\u0623\u062e\u0628\u0627\u0631<\/div>\n\t\t\t\t<div class=\"elementor-post__text\">\n\t\t\t\t<h3 class=\"elementor-post__title\">\n\t\t\t<a href=\"http:\/\/www.plan-b-bildung.de\/ar\/2025\/04\/10\/warum-es-sich-lohnt-mutig-zu-sein\/\" >\n\t\t\t\t\u0644\u0645\u0627\u0630\u0627 \u0645\u0646 \u0627\u0644\u0645\u0641\u064a\u062f \u0623\u0646 \u062a\u0643\u0648\u0646 \u0634\u062c\u0627\u0639\u0627\u064b\t\t\t<\/a>\n\t\t<\/h3>\n\t\t\t\t<div class=\"elementor-post__excerpt\">\n\t\t\t<p>\u0644\u0642\u062f \u0641\u0639\u0644\u062a\u0647\u0627 \u0625\u064a\u0646\u0627 \u0634\u0646\u0627\u064a\u062f\u0631!<\/p>\n\t\t<\/div>\n\t\t\n\t\t<a class=\"elementor-post__read-more\" href=\"http:\/\/www.plan-b-bildung.de\/ar\/2025\/04\/10\/warum-es-sich-lohnt-mutig-zu-sein\/\" aria-label=\"Read more about Warum es sich lohnt, mutig zu sein\" tabindex=\"-1\" >\n\t\t\t\u0627\u0642\u0631\u0623 \u0627\u0644\u0645\u0632\u064a\u062f \"\t\t<\/a>\n\n\t\t\t\t<\/div>\n\t\t\t\t<div class=\"elementor-post__meta-data\">\n\t\t\t\t\t<span class=\"elementor-post-date\">\n\t\t\t10. \u0623\u0628\u0631\u064a\u0644 2025\t\t<\/span>\n\t\t\t\t<\/div>\n\t\t\t\t\t<\/div>\n\t\t<\/article>\n\t\t\t\t<article class=\"elementor-post elementor-grid-item post-2663 post type-post status-publish format-standard has-post-thumbnail hentry category-aktuelles\" role=\"listitem\">\n\t\t\t<div class=\"elementor-post__card\">\n\t\t\t\t<a class=\"elementor-post__thumbnail__link\" href=\"http:\/\/www.plan-b-bildung.de\/ar\/2025\/03\/28\/fuer-einen-planb-ist-man-nie-zu-alt\/\" tabindex=\"-1\" ><div class=\"elementor-post__thumbnail\"><img decoding=\"async\" width=\"1512\" height=\"1088\" data-src=\"https:\/\/www.plan-b-bildung.de\/wp-content\/uploads\/2025\/03\/22.png\" class=\"attachment-full size-full wp-image-2756 lazyload\" alt=\"\" data-srcset=\"https:\/\/www.plan-b-bildung.de\/wp-content\/uploads\/2025\/03\/22.png 1512w, https:\/\/www.plan-b-bildung.de\/wp-content\/uploads\/2025\/03\/22-300x216.png 300w, https:\/\/www.plan-b-bildung.de\/wp-content\/uploads\/2025\/03\/22-1024x737.png 1024w, https:\/\/www.plan-b-bildung.de\/wp-content\/uploads\/2025\/03\/22-768x553.png 768w\" data-sizes=\"(max-width: 1512px) 100vw, 1512px\" src=\"data:image\/svg+xml;base64,PHN2ZyB3aWR0aD0iMSIgaGVpZ2h0PSIxIiB4bWxucz0iaHR0cDovL3d3dy53My5vcmcvMjAwMC9zdmciPjwvc3ZnPg==\" style=\"--smush-placeholder-width: 1512px; --smush-placeholder-aspect-ratio: 1512\/1088;\" \/><\/div><\/a>\n\t\t\t\t<div class=\"elementor-post__badge\">\u0622\u062e\u0631 \u0627\u0644\u0623\u062e\u0628\u0627\u0631<\/div>\n\t\t\t\t<div class=\"elementor-post__text\">\n\t\t\t\t<h3 class=\"elementor-post__title\">\n\t\t\t<a href=\"http:\/\/www.plan-b-bildung.de\/ar\/2025\/03\/28\/fuer-einen-planb-ist-man-nie-zu-alt\/\" >\n\t\t\t\t\u0623\u0646\u062a \u0644\u0627 \u062a\u0643\u0628\u0631 \u0623\u0628\u062f\u064b\u0627 \u0639\u0644\u0649 \u062e\u0637\u0629 \"\u0628\u0644\u0627\u0646\u0628\"!\t\t\t<\/a>\n\t\t<\/h3>\n\t\t\t\t<div class=\"elementor-post__excerpt\">\n\t\t\t<p>\u0627\u0644\u0631\u0639\u0627\u064a\u0629 \u062a\u062d\u062a\u0627\u062c \u0625\u0644\u0649 \u0627\u0644\u062b\u0642\u0629!<\/p>\n\t\t<\/div>\n\t\t\n\t\t<a class=\"elementor-post__read-more\" href=\"http:\/\/www.plan-b-bildung.de\/ar\/2025\/03\/28\/fuer-einen-planb-ist-man-nie-zu-alt\/\" aria-label=\"Read more about F\u00fcr einen PlanB ist man nie zu alt!\" tabindex=\"-1\" >\n\t\t\t\u0627\u0642\u0631\u0623 \u0627\u0644\u0645\u0632\u064a\u062f \"\t\t<\/a>\n\n\t\t\t\t<\/div>\n\t\t\t\t<div class=\"elementor-post__meta-data\">\n\t\t\t\t\t<span class=\"elementor-post-date\">\n\t\t\t28. \u0645\u0627\u0631\u0633 2025\t\t<\/span>\n\t\t\t\t<\/div>\n\t\t\t\t\t<\/div>\n\t\t<\/article>\n\t\t\t\t<article class=\"elementor-post elementor-grid-item post-2667 post type-post status-publish format-standard has-post-thumbnail hentry category-aktuelles\" role=\"listitem\">\n\t\t\t<div class=\"elementor-post__card\">\n\t\t\t\t<a class=\"elementor-post__thumbnail__link\" href=\"http:\/\/www.plan-b-bildung.de\/ar\/2025\/03\/14\/10-jahre-planb-denn-ein-weg-ist-nicht-genug-2\/\" tabindex=\"-1\" ><div class=\"elementor-post__thumbnail\"><img decoding=\"async\" width=\"1512\" height=\"1088\" data-src=\"https:\/\/www.plan-b-bildung.de\/wp-content\/uploads\/2025\/03\/3.png\" class=\"attachment-full size-full wp-image-2754 lazyload\" alt=\"\" data-srcset=\"https:\/\/www.plan-b-bildung.de\/wp-content\/uploads\/2025\/03\/3.png 1512w, https:\/\/www.plan-b-bildung.de\/wp-content\/uploads\/2025\/03\/3-300x216.png 300w, https:\/\/www.plan-b-bildung.de\/wp-content\/uploads\/2025\/03\/3-1024x737.png 1024w, https:\/\/www.plan-b-bildung.de\/wp-content\/uploads\/2025\/03\/3-768x553.png 768w\" data-sizes=\"(max-width: 1512px) 100vw, 1512px\" src=\"data:image\/svg+xml;base64,PHN2ZyB3aWR0aD0iMSIgaGVpZ2h0PSIxIiB4bWxucz0iaHR0cDovL3d3dy53My5vcmcvMjAwMC9zdmciPjwvc3ZnPg==\" style=\"--smush-placeholder-width: 1512px; --smush-placeholder-aspect-ratio: 1512\/1088;\" \/><\/div><\/a>\n\t\t\t\t<div class=\"elementor-post__badge\">\u0622\u062e\u0631 \u0627\u0644\u0623\u062e\u0628\u0627\u0631<\/div>\n\t\t\t\t<div class=\"elementor-post__text\">\n\t\t\t\t<h3 class=\"elementor-post__title\">\n\t\t\t<a href=\"http:\/\/www.plan-b-bildung.de\/ar\/2025\/03\/14\/10-jahre-planb-denn-ein-weg-ist-nicht-genug-2\/\" >\n\t\t\t\t10 \u0633\u0646\u0648\u0627\u062a \u0645\u0646 PlanB! \u0644\u0623\u0646 \u0637\u0631\u064a\u0642\u0629 \u0648\u0627\u062d\u062f\u0629 \u0644\u0627 \u062a\u0643\u0641\u064a!\t\t\t<\/a>\n\t\t<\/h3>\n\t\t\t\t<div class=\"elementor-post__excerpt\">\n\t\t\t<p>\u0645\u0627 \u0623\u0646\u062a \u0628\u062d\u0627\u062c\u0629 \u0645\u0627\u0633\u0629 \u0625\u0644\u0649 \u0645\u0639\u0631\u0641\u062a\u0647!<\/p>\n\t\t<\/div>\n\t\t\n\t\t<a class=\"elementor-post__read-more\" href=\"http:\/\/www.plan-b-bildung.de\/ar\/2025\/03\/14\/10-jahre-planb-denn-ein-weg-ist-nicht-genug-2\/\" aria-label=\"Read more about 10 Jahre PlanB! Denn ein Weg ist nicht genug!\" tabindex=\"-1\" >\n\t\t\t\u0627\u0642\u0631\u0623 \u0627\u0644\u0645\u0632\u064a\u062f \"\t\t<\/a>\n\n\t\t\t\t<\/div>\n\t\t\t\t<div class=\"elementor-post__meta-data\">\n\t\t\t\t\t<span class=\"elementor-post-date\">\n\t\t\t14. \u0645\u0627\u0631\u0633 2025\t\t<\/span>\n\t\t\t\t<\/div>\n\t\t\t\t\t<\/div>\n\t\t<\/article>\n\t\t\t\t<\/div>\n\t\t\n\t\t\t\t\t\t<\/div>\n\t\t\t\t<\/div>\n\t\t\t\t\t<\/div>\n\t\t<\/div>\n\t\t\t\t\t<\/div>\n\t\t<\/section>\n\t\t\t\t<\/div>","protected":false},"excerpt":{"rendered":"<p>PlanB goes Blog! Die neusten Breaking News direkt zu dir!<\/p>","protected":false},"author":1,"featured_media":0,"parent":0,"menu_order":0,"comment_status":"closed","ping_status":"closed","template":"","meta":{"footnotes":""},"class_list":["post-2311","page","type-page","status-publish","hentry"],"_links":{"self":[{"href":"http:\/\/www.plan-b-bildung.de\/ar\/wp-json\/wp\/v2\/pages\/2311","targetHints":{"allow":["GET"]}}],"collection":[{"href":"http:\/\/www.plan-b-bildung.de\/ar\/wp-json\/wp\/v2\/pages"}],"about":[{"href":"http:\/\/www.plan-b-bildung.de\/ar\/wp-json\/wp\/v2\/types\/page"}],"author":[{"embeddable":true,"href":"http:\/\/www.plan-b-bildung.de\/ar\/wp-json\/wp\/v2\/users\/1"}],"replies":[{"embeddable":true,"href":"http:\/\/www.plan-b-bildung.de\/ar\/wp-json\/wp\/v2\/comments?post=2311"}],"version-history":[{"count":82,"href":"http:\/\/www.plan-b-bildung.de\/ar\/wp-json\/wp\/v2\/pages\/2311\/revisions"}],"predecessor-version":[{"id":2818,"href":"http:\/\/www.plan-b-bildung.de\/ar\/wp-json\/wp\/v2\/pages\/2311\/revisions\/2818"}],"wp:attachment":[{"href":"http:\/\/www.plan-b-bildung.de\/ar\/wp-json\/wp\/v2\/media?parent=2311"}],"curies":[{"name":"\u062f\u0628\u0644\u064a\u0648 \u0628\u064a","href":"https:\/\/api.w.org\/{rel}","templated":true}]}}